{"id":999,"date":"2024-03-19T15:16:07","date_gmt":"2024-03-19T15:16:07","guid":{"rendered":"https:\/\/resolut.dev.br\/gaspar\/?page_id=999"},"modified":"2024-03-20T18:43:14","modified_gmt":"2024-03-20T18:43:14","slug":"remodelacao-costal","status":"publish","type":"page","link":"https:\/\/resolut.dev.br\/gaspar\/remodelacao-costal\/","title":{"rendered":"REMODELA\u00c7\u00c3O COSTAL"},"content":{"rendered":"\t\t<div data-elementor-type=\"wp-page\" data-elementor-id=\"999\" class=\"elementor elementor-999\">\n\t\t\t\t\t\t\t\t\t<section class=\"elementor-section elementor-top-section elementor-element elementor-element-d5127b0 elementor-section-boxed elementor-section-height-default elementor-section-height-default\" data-id=\"d5127b0\" data-element_type=\"section\" data-settings=\"{&quot;background_background&quot;:&quot;classic&quot;}\">\n\t\t\t\t\t\t\t<div class=\"elementor-background-overlay\"><\/div>\n\t\t\t\t\t\t\t<div class=\"elementor-container elementor-column-gap-default\">\n\t\t\t\t\t<div class=\"elementor-column elementor-col-100 elementor-top-column elementor-element elementor-element-00147a4\" data-id=\"00147a4\" data-element_type=\"column\">\n\t\t\t<div class=\"elementor-widget-wrap elementor-element-populated\">\n\t\t\t\t\t\t\t\t<section class=\"elementor-section elementor-inner-section elementor-element elementor-element-fa67c65 elementor-section-content-middle elementor-section-boxed elementor-section-height-default elementor-section-height-default\" data-id=\"fa67c65\" data-element_type=\"section\" data-settings=\"{&quot;background_background&quot;:&quot;classic&quot;}\">\n\t\t\t\t\t\t<div class=\"elementor-container elementor-column-gap-default\">\n\t\t\t\t\t<div class=\"elementor-column elementor-col-50 elementor-inner-column elementor-element elementor-element-f6f4f01\" data-id=\"f6f4f01\" data-element_type=\"column\">\n\t\t\t<div class=\"elementor-widget-wrap elementor-element-populated\">\n\t\t\t\t\t\t\t\t<div class=\"elementor-element elementor-element-21d43e5 elementor-invisible elementor-widget elementor-widget-heading\" data-id=\"21d43e5\" data-element_type=\"widget\" data-settings=\"{&quot;_animation&quot;:&quot;fadeInUp&quot;}\" data-widget_type=\"heading.default\">\n\t\t\t\t<div class=\"elementor-widget-container\">\n\t\t\t<style>\/*! elementor - v3.13.3 - 28-05-2023 *\/\n.elementor-heading-title{padding:0;margin:0;line-height:1}.elementor-widget-heading .elementor-heading-title[class*=elementor-size-]>a{color:inherit;font-size:inherit;line-height:inherit}.elementor-widget-heading .elementor-heading-title.elementor-size-small{font-size:15px}.elementor-widget-heading .elementor-heading-title.elementor-size-medium{font-size:19px}.elementor-widget-heading .elementor-heading-title.elementor-size-large{font-size:29px}.elementor-widget-heading .elementor-heading-title.elementor-size-xl{font-size:39px}.elementor-widget-heading .elementor-heading-title.elementor-size-xxl{font-size:59px}<\/style><h1 class=\"elementor-heading-title elementor-size-default\">Cirurgias Est\u00e9ticas<\/h1>\t\t<\/div>\n\t\t\t\t<\/div>\n\t\t\t\t\t<\/div>\n\t\t<\/div>\n\t\t\t\t<div class=\"elementor-column elementor-col-50 elementor-inner-column elementor-element elementor-element-1fa9ab9\" data-id=\"1fa9ab9\" data-element_type=\"column\">\n\t\t\t<div class=\"elementor-widget-wrap\">\n\t\t\t\t\t\t\t\t\t<\/div>\n\t\t<\/div>\n\t\t\t\t\t\t\t<\/div>\n\t\t<\/section>\n\t\t\t\t\t<\/div>\n\t\t<\/div>\n\t\t\t\t\t\t\t<\/div>\n\t\t<\/section>\n\t\t\t\t<section class=\"elementor-section elementor-top-section elementor-element elementor-element-2f7720d8 elementor-section-boxed elementor-section-height-default elementor-section-height-default\" data-id=\"2f7720d8\" data-element_type=\"section\" data-settings=\"{&quot;background_background&quot;:&quot;classic&quot;}\">\n\t\t\t\t\t\t<div class=\"elementor-container elementor-column-gap-default\">\n\t\t\t\t\t<div class=\"elementor-column elementor-col-66 elementor-top-column elementor-element elementor-element-3e74803c\" data-id=\"3e74803c\" data-element_type=\"column\">\n\t\t\t<div class=\"elementor-widget-wrap elementor-element-populated\">\n\t\t\t\t\t\t\t\t<div class=\"elementor-element elementor-element-3436f7f7 elementor-widget elementor-widget-heading\" data-id=\"3436f7f7\" data-element_type=\"widget\" data-widget_type=\"heading.default\">\n\t\t\t\t<div class=\"elementor-widget-container\">\n\t\t\t<h3 class=\"elementor-heading-title elementor-size-default\">REMODELA\u00c7\u00c3O COSTAL<\/h3>\t\t<\/div>\n\t\t\t\t<\/div>\n\t\t\t\t<div class=\"elementor-element elementor-element-7c590ea6 elementor-widget elementor-widget-text-editor\" data-id=\"7c590ea6\" data-element_type=\"widget\" data-widget_type=\"text-editor.default\">\n\t\t\t\t<div class=\"elementor-widget-container\">\n\t\t\t<style>\/*! elementor - v3.13.3 - 28-05-2023 *\/\n.elementor-widget-text-editor.elementor-drop-cap-view-stacked .elementor-drop-cap{background-color:#69727d;color:#fff}.elementor-widget-text-editor.elementor-drop-cap-view-framed .elementor-drop-cap{color:#69727d;border:3px solid;background-color:transparent}.elementor-widget-text-editor:not(.elementor-drop-cap-view-default) .elementor-drop-cap{margin-top:8px}.elementor-widget-text-editor:not(.elementor-drop-cap-view-default) .elementor-drop-cap-letter{width:1em;height:1em}.elementor-widget-text-editor .elementor-drop-cap{float:left;text-align:center;line-height:1;font-size:50px}.elementor-widget-text-editor .elementor-drop-cap-letter{display:inline-block}<\/style>\t\t\t\t<p>Voc\u00ea j\u00e1 sonhou em ter uma cintura mais esbelta e definida? A remodela\u00e7\u00e3o costal pode tornar esse sonho uma realidade! Esta t\u00e9cnica revolucion\u00e1ria na cirurgia pl\u00e1stica \u00e9 projetada para esculpir e definir a regi\u00e3o da cintura, proporcionando uma apar\u00eancia mais elegante e sensual.<\/p><p>A remodela\u00e7\u00e3o costal \u00e9 uma t\u00e9cnica cir\u00fargica avan\u00e7ada, cuidadosamente planejado para esculpir as costelas, criando uma cintura mais fina e desenhada. Ao reduzir o di\u00e2metro das costelas inferiores, Dr. Maur\u00edcio ir\u00e1 esculpir uma silhueta mais atraente e elegante, ressaltando as caracter\u00edsticas \u00fanicas do seu corpo.<\/p><p>Este procedimento \u00e9 ideal para pessoas que desejam alcan\u00e7ar uma cintura mais delicada e uma forma corporal mais harmoniosa, podendo ser associada a Lipoaspira\u00e7\u00e3o ou a pr\u00f3pria abdominoplastia, para uma defini\u00e7\u00e3o mais completa e detalhista da regi\u00e3o.\u00a0<\/p><p>N\u00e3o deixe que a insatisfa\u00e7\u00e3o com sua apar\u00eancia afete sua confian\u00e7a e autoestima. Com a remodela\u00e7\u00e3o costal, voc\u00ea pode finalmente alcan\u00e7ar a silhueta dos seus sonhos e desfrutar de uma nova e melhorada vers\u00e3o de si mesma.<\/p>\t\t\t\t\t\t<\/div>\n\t\t\t\t<\/div>\n\t\t\t\t\t<\/div>\n\t\t<\/div>\n\t\t\t\t<div class=\"elementor-column elementor-col-33 elementor-top-column elementor-element elementor-element-5d548026\" data-id=\"5d548026\" data-element_type=\"column\">\n\t\t\t<div class=\"elementor-widget-wrap\">\n\t\t\t\t\t\t\t\t\t<\/div>\n\t\t<\/div>\n\t\t\t\t\t\t\t<\/div>\n\t\t<\/section>\n\t\t\t\t\t\t\t<\/div>\n\t\t","protected":false},"excerpt":{"rendered":"<p>Cirurgias Est\u00e9ticas REMODELA\u00c7\u00c3O COSTAL Voc\u00ea j\u00e1 sonhou em ter uma cintura mais esbelta e definida? A remodela\u00e7\u00e3o costal pode tornar esse sonho uma realidade! Esta t\u00e9cnica revolucion\u00e1ria na cirurgia pl\u00e1stica \u00e9 projetada para esculpir e definir a regi\u00e3o da cintura, proporcionando uma apar\u00eancia mais elegante e sensual. A remodela\u00e7\u00e3o costal \u00e9 uma t\u00e9cnica cir\u00fargica avan\u00e7ada, [&hellip;]<\/p>\n","protected":false},"author":2,"featured_media":0,"parent":0,"menu_order":0,"comment_status":"closed","ping_status":"closed","template":"","meta":{"footnotes":""},"class_list":["post-999","page","type-page","status-publish","hentry"],"_links":{"self":[{"href":"https:\/\/resolut.dev.br\/gaspar\/wp-json\/wp\/v2\/pages\/999","targetHints":{"allow":["GET"]}}],"collection":[{"href":"https:\/\/resolut.dev.br\/gaspar\/wp-json\/wp\/v2\/pages"}],"about":[{"href":"https:\/\/resolut.dev.br\/gaspar\/wp-json\/wp\/v2\/types\/page"}],"author":[{"embeddable":true,"href":"https:\/\/resolut.dev.br\/gaspar\/wp-json\/wp\/v2\/users\/2"}],"replies":[{"embeddable":true,"href":"https:\/\/resolut.dev.br\/gaspar\/wp-json\/wp\/v2\/comments?post=999"}],"version-history":[{"count":7,"href":"https:\/\/resolut.dev.br\/gaspar\/wp-json\/wp\/v2\/pages\/999\/revisions"}],"predecessor-version":[{"id":1155,"href":"https:\/\/resolut.dev.br\/gaspar\/wp-json\/wp\/v2\/pages\/999\/revisions\/1155"}],"wp:attachment":[{"href":"https:\/\/resolut.dev.br\/gaspar\/wp-json\/wp\/v2\/media?parent=999"}],"curies":[{"name":"wp","href":"https:\/\/api.w.org\/{rel}","templated":true}]}}