{"id":966,"date":"2024-03-19T14:48:47","date_gmt":"2024-03-19T14:48:47","guid":{"rendered":"https:\/\/resolut.dev.br\/gaspar\/?page_id=966"},"modified":"2024-03-20T17:36:15","modified_gmt":"2024-03-20T17:36:15","slug":"lipo-hd","status":"publish","type":"page","link":"https:\/\/resolut.dev.br\/gaspar\/lipo-hd\/","title":{"rendered":"LIPO HD"},"content":{"rendered":"\t\t<div data-elementor-type=\"wp-page\" data-elementor-id=\"966\" class=\"elementor elementor-966\">\n\t\t\t\t\t\t\t\t\t<section class=\"elementor-section elementor-top-section elementor-element elementor-element-6c3f6dd elementor-section-boxed elementor-section-height-default elementor-section-height-default\" data-id=\"6c3f6dd\" data-element_type=\"section\" data-settings=\"{&quot;background_background&quot;:&quot;classic&quot;}\">\n\t\t\t\t\t\t\t<div class=\"elementor-background-overlay\"><\/div>\n\t\t\t\t\t\t\t<div class=\"elementor-container elementor-column-gap-default\">\n\t\t\t\t\t<div class=\"elementor-column elementor-col-100 elementor-top-column elementor-element elementor-element-9562983\" data-id=\"9562983\" data-element_type=\"column\">\n\t\t\t<div class=\"elementor-widget-wrap elementor-element-populated\">\n\t\t\t\t\t\t\t\t<section class=\"elementor-section elementor-inner-section elementor-element elementor-element-235703b elementor-section-content-middle elementor-section-boxed elementor-section-height-default elementor-section-height-default\" data-id=\"235703b\" data-element_type=\"section\" data-settings=\"{&quot;background_background&quot;:&quot;classic&quot;}\">\n\t\t\t\t\t\t<div class=\"elementor-container elementor-column-gap-default\">\n\t\t\t\t\t<div class=\"elementor-column elementor-col-50 elementor-inner-column elementor-element elementor-element-d74d7ac\" data-id=\"d74d7ac\" data-element_type=\"column\">\n\t\t\t<div class=\"elementor-widget-wrap elementor-element-populated\">\n\t\t\t\t\t\t\t\t<div class=\"elementor-element elementor-element-7dc04f1 elementor-invisible elementor-widget elementor-widget-heading\" data-id=\"7dc04f1\" data-element_type=\"widget\" data-settings=\"{&quot;_animation&quot;:&quot;fadeInUp&quot;}\" data-widget_type=\"heading.default\">\n\t\t\t\t<div class=\"elementor-widget-container\">\n\t\t\t<style>\/*! elementor - v3.13.3 - 28-05-2023 *\/\n.elementor-heading-title{padding:0;margin:0;line-height:1}.elementor-widget-heading .elementor-heading-title[class*=elementor-size-]>a{color:inherit;font-size:inherit;line-height:inherit}.elementor-widget-heading .elementor-heading-title.elementor-size-small{font-size:15px}.elementor-widget-heading .elementor-heading-title.elementor-size-medium{font-size:19px}.elementor-widget-heading .elementor-heading-title.elementor-size-large{font-size:29px}.elementor-widget-heading .elementor-heading-title.elementor-size-xl{font-size:39px}.elementor-widget-heading .elementor-heading-title.elementor-size-xxl{font-size:59px}<\/style><h1 class=\"elementor-heading-title elementor-size-default\">Cirurgias Est\u00e9ticas<\/h1>\t\t<\/div>\n\t\t\t\t<\/div>\n\t\t\t\t\t<\/div>\n\t\t<\/div>\n\t\t\t\t<div class=\"elementor-column elementor-col-50 elementor-inner-column elementor-element elementor-element-0b113d4\" data-id=\"0b113d4\" data-element_type=\"column\">\n\t\t\t<div class=\"elementor-widget-wrap\">\n\t\t\t\t\t\t\t\t\t<\/div>\n\t\t<\/div>\n\t\t\t\t\t\t\t<\/div>\n\t\t<\/section>\n\t\t\t\t\t<\/div>\n\t\t<\/div>\n\t\t\t\t\t\t\t<\/div>\n\t\t<\/section>\n\t\t\t\t<section class=\"elementor-section elementor-top-section elementor-element elementor-element-6f802b9 elementor-section-boxed elementor-section-height-default elementor-section-height-default\" data-id=\"6f802b9\" data-element_type=\"section\" data-settings=\"{&quot;background_background&quot;:&quot;classic&quot;}\">\n\t\t\t\t\t\t<div class=\"elementor-container elementor-column-gap-default\">\n\t\t\t\t\t<div class=\"elementor-column elementor-col-66 elementor-top-column elementor-element elementor-element-1b05afb\" data-id=\"1b05afb\" data-element_type=\"column\">\n\t\t\t<div class=\"elementor-widget-wrap elementor-element-populated\">\n\t\t\t\t\t\t\t\t<div class=\"elementor-element elementor-element-eade26c elementor-widget elementor-widget-heading\" data-id=\"eade26c\" data-element_type=\"widget\" data-widget_type=\"heading.default\">\n\t\t\t\t<div class=\"elementor-widget-container\">\n\t\t\t<h4 class=\"elementor-heading-title elementor-size-default\">Lipo HD<\/h4>\t\t<\/div>\n\t\t\t\t<\/div>\n\t\t\t\t<div class=\"elementor-element elementor-element-067e32c elementor-widget elementor-widget-image\" data-id=\"067e32c\" data-element_type=\"widget\" data-widget_type=\"image.default\">\n\t\t\t\t<div class=\"elementor-widget-container\">\n\t\t\t<style>\/*! elementor - v3.13.3 - 28-05-2023 *\/\n.elementor-widget-image{text-align:center}.elementor-widget-image a{display:inline-block}.elementor-widget-image a img[src$=\".svg\"]{width:48px}.elementor-widget-image img{vertical-align:middle;display:inline-block}<\/style>\t\t\t\t\t\t\t\t\t\t\t\t<img loading=\"lazy\" decoding=\"async\" width=\"740\" height=\"493\" src=\"https:\/\/resolut.dev.br\/gaspar\/wp-content\/uploads\/2023\/12\/Lipo-HD.png\" class=\"attachment-full size-full wp-image-676\" alt=\"\" srcset=\"https:\/\/resolut.dev.br\/gaspar\/wp-content\/uploads\/2023\/12\/Lipo-HD.png 740w, https:\/\/resolut.dev.br\/gaspar\/wp-content\/uploads\/2023\/12\/Lipo-HD-300x200.png 300w\" sizes=\"auto, (max-width: 740px) 100vw, 740px\" \/>\t\t\t\t\t\t\t\t\t\t\t\t\t\t\t<\/div>\n\t\t\t\t<\/div>\n\t\t\t\t<div class=\"elementor-element elementor-element-f3ffac1 elementor-widget elementor-widget-text-editor\" data-id=\"f3ffac1\" data-element_type=\"widget\" data-widget_type=\"text-editor.default\">\n\t\t\t\t<div class=\"elementor-widget-container\">\n\t\t\t<style>\/*! elementor - v3.13.3 - 28-05-2023 *\/\n.elementor-widget-text-editor.elementor-drop-cap-view-stacked .elementor-drop-cap{background-color:#69727d;color:#fff}.elementor-widget-text-editor.elementor-drop-cap-view-framed .elementor-drop-cap{color:#69727d;border:3px solid;background-color:transparent}.elementor-widget-text-editor:not(.elementor-drop-cap-view-default) .elementor-drop-cap{margin-top:8px}.elementor-widget-text-editor:not(.elementor-drop-cap-view-default) .elementor-drop-cap-letter{width:1em;height:1em}.elementor-widget-text-editor .elementor-drop-cap{float:left;text-align:center;line-height:1;font-size:50px}.elementor-widget-text-editor .elementor-drop-cap-letter{display:inline-block}<\/style>\t\t\t\t<p>A Lipoaspira\u00e7\u00e3o de alta defini\u00e7\u00e3o, tamb\u00e9m conhecida como Lipoescultura de alta defini\u00e7\u00e3o ou LIPO HD, \u00e9 um procedimento est\u00e9tico que tem como objetivo esculpir o corpo, reduzindo a gordura em \u00e1reas estrat\u00e9gicas, deixando os m\u00fasculos mais aparentes e definidos.<\/p><p>Essa t\u00e9cnica de lipoaspira\u00e7\u00e3o \u00e9 indicada para pessoas que j\u00e1 est\u00e3o no seu peso ideal, praticam atividade f\u00edsica regularmente, mas desejam aperfei\u00e7oar sua apar\u00eancia muscular em \u00e1reas espec\u00edficas como o abd\u00f4men, flancos, costas, coxas e bra\u00e7os. Com a t\u00e9cnica, \u00e9 poss\u00edvel criar contornos corporais mais precisos, proporcionando uma apar\u00eancia mais definida e atl\u00e9tica.<\/p><p>Ao contr\u00e1rio da lipoaspira\u00e7\u00e3o tradicional, que se concentra apenas na remo\u00e7\u00e3o de gordura, a LIPO HD trabalha com a remo\u00e7\u00e3o de gordura em v\u00e1rias camadas diferentes no subcut\u00e2neo, a fim de real\u00e7ar a apar\u00eancia muscular. Al\u00e9m disso, a t\u00e9cnica utiliza c\u00e2nulas de menor di\u00e2metro, o que significa incis\u00f5es menores e cicatrizes mais discretas.<\/p><p>\u00c9 importante lembrar que a LIPO HD \u00e9 uma t\u00e9cnica avan\u00e7ada e deve ser realizada por um cirurgi\u00e3o pl\u00e1stico altamente qualificado e experiente. O Dr. Maur\u00edcio ir\u00e1 avaliar cuidadosamente as suas necessidades e objetivos para criar um plano de tratamento personalizado.<\/p><p>Ap\u00f3s a cirurgia, \u00e9 importante seguir todas as instru\u00e7\u00f5es p\u00f3s-operat\u00f3rias, incluindo a utiliza\u00e7\u00e3o de malhas de compress\u00e3o e a realiza\u00e7\u00e3o de atividades f\u00edsicas orientadas, para garantir uma recupera\u00e7\u00e3o segura e o resultado dos seus sonhos.<\/p>\t\t\t\t\t\t<\/div>\n\t\t\t\t<\/div>\n\t\t\t\t\t<\/div>\n\t\t<\/div>\n\t\t\t\t<div class=\"elementor-column elementor-col-33 elementor-top-column elementor-element elementor-element-f45b0f9\" data-id=\"f45b0f9\" data-element_type=\"column\">\n\t\t\t<div class=\"elementor-widget-wrap\">\n\t\t\t\t\t\t\t\t\t<\/div>\n\t\t<\/div>\n\t\t\t\t\t\t\t<\/div>\n\t\t<\/section>\n\t\t\t\t\t\t\t<\/div>\n\t\t","protected":false},"excerpt":{"rendered":"<p>Cirurgias Est\u00e9ticas Lipo HD A Lipoaspira\u00e7\u00e3o de alta defini\u00e7\u00e3o, tamb\u00e9m conhecida como Lipoescultura de alta defini\u00e7\u00e3o ou LIPO HD, \u00e9 um procedimento est\u00e9tico que tem como objetivo esculpir o corpo, reduzindo a gordura em \u00e1reas estrat\u00e9gicas, deixando os m\u00fasculos mais aparentes e definidos. Essa t\u00e9cnica de lipoaspira\u00e7\u00e3o \u00e9 indicada para pessoas que j\u00e1 est\u00e3o no [&hellip;]<\/p>\n","protected":false},"author":2,"featured_media":0,"parent":0,"menu_order":0,"comment_status":"closed","ping_status":"closed","template":"","meta":{"footnotes":""},"class_list":["post-966","page","type-page","status-publish","hentry"],"_links":{"self":[{"href":"https:\/\/resolut.dev.br\/gaspar\/wp-json\/wp\/v2\/pages\/966","targetHints":{"allow":["GET"]}}],"collection":[{"href":"https:\/\/resolut.dev.br\/gaspar\/wp-json\/wp\/v2\/pages"}],"about":[{"href":"https:\/\/resolut.dev.br\/gaspar\/wp-json\/wp\/v2\/types\/page"}],"author":[{"embeddable":true,"href":"https:\/\/resolut.dev.br\/gaspar\/wp-json\/wp\/v2\/users\/2"}],"replies":[{"embeddable":true,"href":"https:\/\/resolut.dev.br\/gaspar\/wp-json\/wp\/v2\/comments?post=966"}],"version-history":[{"count":7,"href":"https:\/\/resolut.dev.br\/gaspar\/wp-json\/wp\/v2\/pages\/966\/revisions"}],"predecessor-version":[{"id":1057,"href":"https:\/\/resolut.dev.br\/gaspar\/wp-json\/wp\/v2\/pages\/966\/revisions\/1057"}],"wp:attachment":[{"href":"https:\/\/resolut.dev.br\/gaspar\/wp-json\/wp\/v2\/media?parent=966"}],"curies":[{"name":"wp","href":"https:\/\/api.w.org\/{rel}","templated":true}]}}