{"id":388,"date":"2023-06-16T15:34:54","date_gmt":"2023-06-16T15:34:54","guid":{"rendered":"https:\/\/resolut.dev.br\/gaspar\/?page_id=388"},"modified":"2024-03-20T18:35:23","modified_gmt":"2024-03-20T18:35:23","slug":"toxina-botulinica-botox","status":"publish","type":"page","link":"https:\/\/resolut.dev.br\/gaspar\/toxina-botulinica-botox\/","title":{"rendered":"TOXINA BOTUL\u00cdNICA | BOTOX"},"content":{"rendered":"\t\t<div data-elementor-type=\"wp-page\" data-elementor-id=\"388\" class=\"elementor elementor-388\">\n\t\t\t\t\t\t\t\t\t<section class=\"elementor-section elementor-top-section elementor-element elementor-element-d5127b0 elementor-section-boxed elementor-section-height-default elementor-section-height-default\" data-id=\"d5127b0\" data-element_type=\"section\" data-settings=\"{&quot;background_background&quot;:&quot;classic&quot;}\">\n\t\t\t\t\t\t\t<div class=\"elementor-background-overlay\"><\/div>\n\t\t\t\t\t\t\t<div class=\"elementor-container elementor-column-gap-default\">\n\t\t\t\t\t<div class=\"elementor-column elementor-col-100 elementor-top-column elementor-element elementor-element-00147a4\" data-id=\"00147a4\" data-element_type=\"column\">\n\t\t\t<div class=\"elementor-widget-wrap elementor-element-populated\">\n\t\t\t\t\t\t\t\t<section class=\"elementor-section elementor-inner-section elementor-element elementor-element-fa67c65 elementor-section-content-middle elementor-section-boxed elementor-section-height-default elementor-section-height-default\" data-id=\"fa67c65\" data-element_type=\"section\" data-settings=\"{&quot;background_background&quot;:&quot;classic&quot;}\">\n\t\t\t\t\t\t<div class=\"elementor-container elementor-column-gap-default\">\n\t\t\t\t\t<div class=\"elementor-column elementor-col-50 elementor-inner-column elementor-element elementor-element-f6f4f01\" data-id=\"f6f4f01\" data-element_type=\"column\">\n\t\t\t<div class=\"elementor-widget-wrap elementor-element-populated\">\n\t\t\t\t\t\t\t\t<div class=\"elementor-element elementor-element-21d43e5 elementor-invisible elementor-widget elementor-widget-heading\" data-id=\"21d43e5\" data-element_type=\"widget\" data-settings=\"{&quot;_animation&quot;:&quot;fadeInUp&quot;}\" data-widget_type=\"heading.default\">\n\t\t\t\t<div class=\"elementor-widget-container\">\n\t\t\t<style>\/*! elementor - v3.13.3 - 28-05-2023 *\/\n.elementor-heading-title{padding:0;margin:0;line-height:1}.elementor-widget-heading .elementor-heading-title[class*=elementor-size-]>a{color:inherit;font-size:inherit;line-height:inherit}.elementor-widget-heading .elementor-heading-title.elementor-size-small{font-size:15px}.elementor-widget-heading .elementor-heading-title.elementor-size-medium{font-size:19px}.elementor-widget-heading .elementor-heading-title.elementor-size-large{font-size:29px}.elementor-widget-heading .elementor-heading-title.elementor-size-xl{font-size:39px}.elementor-widget-heading .elementor-heading-title.elementor-size-xxl{font-size:59px}<\/style><h1 class=\"elementor-heading-title elementor-size-default\">Cirurgias Est\u00e9ticas<\/h1>\t\t<\/div>\n\t\t\t\t<\/div>\n\t\t\t\t\t<\/div>\n\t\t<\/div>\n\t\t\t\t<div class=\"elementor-column elementor-col-50 elementor-inner-column elementor-element elementor-element-1fa9ab9\" data-id=\"1fa9ab9\" data-element_type=\"column\">\n\t\t\t<div class=\"elementor-widget-wrap\">\n\t\t\t\t\t\t\t\t\t<\/div>\n\t\t<\/div>\n\t\t\t\t\t\t\t<\/div>\n\t\t<\/section>\n\t\t\t\t\t<\/div>\n\t\t<\/div>\n\t\t\t\t\t\t\t<\/div>\n\t\t<\/section>\n\t\t\t\t<section class=\"elementor-section elementor-top-section elementor-element elementor-element-2f7720d8 elementor-section-boxed elementor-section-height-default elementor-section-height-default\" data-id=\"2f7720d8\" data-element_type=\"section\" data-settings=\"{&quot;background_background&quot;:&quot;classic&quot;}\">\n\t\t\t\t\t\t<div class=\"elementor-container elementor-column-gap-default\">\n\t\t\t\t\t<div class=\"elementor-column elementor-col-66 elementor-top-column elementor-element elementor-element-3e74803c\" data-id=\"3e74803c\" data-element_type=\"column\">\n\t\t\t<div class=\"elementor-widget-wrap elementor-element-populated\">\n\t\t\t\t\t\t\t\t<div class=\"elementor-element elementor-element-3436f7f7 elementor-widget elementor-widget-heading\" data-id=\"3436f7f7\" data-element_type=\"widget\" data-widget_type=\"heading.default\">\n\t\t\t\t<div class=\"elementor-widget-container\">\n\t\t\t<h3 class=\"elementor-heading-title elementor-size-default\">TOXINA BOTUL\u00cdNICA | BOTOX<\/h3>\t\t<\/div>\n\t\t\t\t<\/div>\n\t\t\t\t<div class=\"elementor-element elementor-element-f137cab elementor-widget elementor-widget-image\" data-id=\"f137cab\" data-element_type=\"widget\" data-widget_type=\"image.default\">\n\t\t\t\t<div class=\"elementor-widget-container\">\n\t\t\t<style>\/*! elementor - v3.13.3 - 28-05-2023 *\/\n.elementor-widget-image{text-align:center}.elementor-widget-image a{display:inline-block}.elementor-widget-image a img[src$=\".svg\"]{width:48px}.elementor-widget-image img{vertical-align:middle;display:inline-block}<\/style>\t\t\t\t\t\t\t\t\t\t\t\t<img loading=\"lazy\" decoding=\"async\" width=\"2560\" height=\"2555\" src=\"https:\/\/resolut.dev.br\/gaspar\/wp-content\/uploads\/2023\/12\/Botox-scaled.jpg\" class=\"attachment-full size-full wp-image-734\" alt=\"\" srcset=\"https:\/\/resolut.dev.br\/gaspar\/wp-content\/uploads\/2023\/12\/Botox-scaled.jpg 2560w, https:\/\/resolut.dev.br\/gaspar\/wp-content\/uploads\/2023\/12\/Botox-300x300.jpg 300w, https:\/\/resolut.dev.br\/gaspar\/wp-content\/uploads\/2023\/12\/Botox-1024x1022.jpg 1024w, https:\/\/resolut.dev.br\/gaspar\/wp-content\/uploads\/2023\/12\/Botox-150x150.jpg 150w, https:\/\/resolut.dev.br\/gaspar\/wp-content\/uploads\/2023\/12\/Botox-768x766.jpg 768w, https:\/\/resolut.dev.br\/gaspar\/wp-content\/uploads\/2023\/12\/Botox-1536x1533.jpg 1536w, https:\/\/resolut.dev.br\/gaspar\/wp-content\/uploads\/2023\/12\/Botox-2048x2044.jpg 2048w\" sizes=\"auto, (max-width: 2560px) 100vw, 2560px\" \/>\t\t\t\t\t\t\t\t\t\t\t\t\t\t\t<\/div>\n\t\t\t\t<\/div>\n\t\t\t\t<div class=\"elementor-element elementor-element-7c590ea6 elementor-widget elementor-widget-text-editor\" data-id=\"7c590ea6\" data-element_type=\"widget\" data-widget_type=\"text-editor.default\">\n\t\t\t\t<div class=\"elementor-widget-container\">\n\t\t\t<style>\/*! elementor - v3.13.3 - 28-05-2023 *\/\n.elementor-widget-text-editor.elementor-drop-cap-view-stacked .elementor-drop-cap{background-color:#69727d;color:#fff}.elementor-widget-text-editor.elementor-drop-cap-view-framed .elementor-drop-cap{color:#69727d;border:3px solid;background-color:transparent}.elementor-widget-text-editor:not(.elementor-drop-cap-view-default) .elementor-drop-cap{margin-top:8px}.elementor-widget-text-editor:not(.elementor-drop-cap-view-default) .elementor-drop-cap-letter{width:1em;height:1em}.elementor-widget-text-editor .elementor-drop-cap{float:left;text-align:center;line-height:1;font-size:50px}.elementor-widget-text-editor .elementor-drop-cap-letter{display:inline-block}<\/style>\t\t\t\t<p>A toxina botul\u00ednica, tamb\u00e9m conhecida como Botox, \u00e9 um tratamento est\u00e9tico minimamente invasivo que ajuda a reduzir as linhas de express\u00e3o e rugas no rosto. Mas n\u00e3o \u00e9 s\u00f3 isso, a toxina botul\u00ednica tem outras fun\u00e7\u00f5es est\u00e9ticas que v\u00e3o al\u00e9m da apar\u00eancia.<\/p><p>Uma das principais aplica\u00e7\u00f5es da toxina botul\u00ednica \u00e9 no tratamento de rugas e linhas de express\u00e3o, especialmente no rosto. Quando aplicada em pequenas doses, a toxina botul\u00ednica diminui temporariamente a intensidade da atividade dos m\u00fasculos faciais respons\u00e1veis pela forma\u00e7\u00e3o de rugas e linhas de express\u00e3o. Isso resulta em uma apar\u00eancia mais suave e jovem da pele, sem a necessidade de cirurgias invasivas.\u00a0<\/p><p>A aplica\u00e7\u00e3o de toxina botul\u00ednica \u00e9 um procedimento r\u00e1pido, seguro e relativamente indolor, sem necessidade de tempo de recupera\u00e7\u00e3o.<\/p><p>Al\u00e9m disso, a aplica\u00e7\u00e3o de toxina botul\u00ednica pode ser utilizada em conjunto com outros tratamentos est\u00e9ticos para melhorar ainda mais os resultados. Por exemplo, a toxina botul\u00ednica pode ser combinada com preenchimentos d\u00e9rmicos para fornecer uma apar\u00eancia mais completa e jovem ao rosto. Essa combina\u00e7\u00e3o pode ajudar a suavizar as rugas e linhas de express\u00e3o, al\u00e9m de restaurar o volume e a plenitude da pele.<\/p><p>O Botox tamb\u00e9m pode ajudar a corrigir assimetrias faciais, como sobrancelhas desniveladas ou um sorriso gengival. Ao injetar a toxina botul\u00ednica em um lado espec\u00edfico do rosto, o m\u00fasculo pode ser relaxado, corrigindo-se pequenas assimetrias<\/p><p>Ao realizar aplica\u00e7\u00f5es regulares de Botox, voc\u00ea pode manter os m\u00fasculos faciais mais relaxados naturalmente, reduzindo o risco de novas rugas e linhas de express\u00e3o. Esse efeito preventivo pode ser particularmente \u00fatil para pessoas que ainda n\u00e3o apresentam sinais vis\u00edveis de envelhecimento e desejam manter uma apar\u00eancia mais jovem e natural.<\/p><p>Se voc\u00ea est\u00e1 considerando a aplica\u00e7\u00e3o do Botox, agende uma consulta com o Dr. Maur\u00edcio Gaspar para discutir suas op\u00e7\u00f5es e expectativas de resultados.<\/p>\t\t\t\t\t\t<\/div>\n\t\t\t\t<\/div>\n\t\t\t\t\t<\/div>\n\t\t<\/div>\n\t\t\t\t<div class=\"elementor-column elementor-col-33 elementor-top-column elementor-element elementor-element-5d548026\" data-id=\"5d548026\" data-element_type=\"column\">\n\t\t\t<div class=\"elementor-widget-wrap\">\n\t\t\t\t\t\t\t\t\t<\/div>\n\t\t<\/div>\n\t\t\t\t\t\t\t<\/div>\n\t\t<\/section>\n\t\t\t\t\t\t\t<\/div>\n\t\t","protected":false},"excerpt":{"rendered":"<p>Cirurgias Est\u00e9ticas TOXINA BOTUL\u00cdNICA | BOTOX A toxina botul\u00ednica, tamb\u00e9m conhecida como Botox, \u00e9 um tratamento est\u00e9tico minimamente invasivo que ajuda a reduzir as linhas de express\u00e3o e rugas no rosto. Mas n\u00e3o \u00e9 s\u00f3 isso, a toxina botul\u00ednica tem outras fun\u00e7\u00f5es est\u00e9ticas que v\u00e3o al\u00e9m da apar\u00eancia. Uma das principais aplica\u00e7\u00f5es da toxina botul\u00ednica [&hellip;]<\/p>\n","protected":false},"author":2,"featured_media":0,"parent":0,"menu_order":0,"comment_status":"closed","ping_status":"closed","template":"","meta":{"footnotes":""},"class_list":["post-388","page","type-page","status-publish","hentry"],"_links":{"self":[{"href":"https:\/\/resolut.dev.br\/gaspar\/wp-json\/wp\/v2\/pages\/388","targetHints":{"allow":["GET"]}}],"collection":[{"href":"https:\/\/resolut.dev.br\/gaspar\/wp-json\/wp\/v2\/pages"}],"about":[{"href":"https:\/\/resolut.dev.br\/gaspar\/wp-json\/wp\/v2\/types\/page"}],"author":[{"embeddable":true,"href":"https:\/\/resolut.dev.br\/gaspar\/wp-json\/wp\/v2\/users\/2"}],"replies":[{"embeddable":true,"href":"https:\/\/resolut.dev.br\/gaspar\/wp-json\/wp\/v2\/comments?post=388"}],"version-history":[{"count":16,"href":"https:\/\/resolut.dev.br\/gaspar\/wp-json\/wp\/v2\/pages\/388\/revisions"}],"predecessor-version":[{"id":1128,"href":"https:\/\/resolut.dev.br\/gaspar\/wp-json\/wp\/v2\/pages\/388\/revisions\/1128"}],"wp:attachment":[{"href":"https:\/\/resolut.dev.br\/gaspar\/wp-json\/wp\/v2\/media?parent=388"}],"curies":[{"name":"wp","href":"https:\/\/api.w.org\/{rel}","templated":true}]}}