{"id":360,"date":"2023-06-16T15:26:52","date_gmt":"2023-06-16T15:26:52","guid":{"rendered":"https:\/\/resolut.dev.br\/gaspar\/?page_id=360"},"modified":"2024-05-03T19:57:37","modified_gmt":"2024-05-03T19:57:37","slug":"mentoplastia-cirurgia-de-queixo-feminino","status":"publish","type":"page","link":"https:\/\/resolut.dev.br\/gaspar\/mentoplastia-cirurgia-de-queixo-feminino\/","title":{"rendered":"MENTOPLASTIA | CIRURGIA DE QUEIXO (Feminino)"},"content":{"rendered":"\t\t<div data-elementor-type=\"wp-page\" data-elementor-id=\"360\" class=\"elementor elementor-360\">\n\t\t\t\t\t\t\t\t\t<section class=\"elementor-section elementor-top-section elementor-element elementor-element-d5127b0 elementor-section-boxed elementor-section-height-default elementor-section-height-default\" data-id=\"d5127b0\" data-element_type=\"section\" data-settings=\"{&quot;background_background&quot;:&quot;classic&quot;}\">\n\t\t\t\t\t\t\t<div class=\"elementor-background-overlay\"><\/div>\n\t\t\t\t\t\t\t<div class=\"elementor-container elementor-column-gap-default\">\n\t\t\t\t\t<div class=\"elementor-column elementor-col-100 elementor-top-column elementor-element elementor-element-00147a4\" data-id=\"00147a4\" data-element_type=\"column\">\n\t\t\t<div class=\"elementor-widget-wrap elementor-element-populated\">\n\t\t\t\t\t\t\t\t<section class=\"elementor-section elementor-inner-section elementor-element elementor-element-fa67c65 elementor-section-content-middle elementor-section-boxed elementor-section-height-default elementor-section-height-default\" data-id=\"fa67c65\" data-element_type=\"section\" data-settings=\"{&quot;background_background&quot;:&quot;classic&quot;}\">\n\t\t\t\t\t\t<div class=\"elementor-container elementor-column-gap-default\">\n\t\t\t\t\t<div class=\"elementor-column elementor-col-50 elementor-inner-column elementor-element elementor-element-f6f4f01\" data-id=\"f6f4f01\" data-element_type=\"column\">\n\t\t\t<div class=\"elementor-widget-wrap elementor-element-populated\">\n\t\t\t\t\t\t\t\t<div class=\"elementor-element elementor-element-21d43e5 elementor-invisible elementor-widget elementor-widget-heading\" data-id=\"21d43e5\" data-element_type=\"widget\" data-settings=\"{&quot;_animation&quot;:&quot;fadeInUp&quot;}\" data-widget_type=\"heading.default\">\n\t\t\t\t<div class=\"elementor-widget-container\">\n\t\t\t<style>\/*! elementor - v3.13.3 - 28-05-2023 *\/\n.elementor-heading-title{padding:0;margin:0;line-height:1}.elementor-widget-heading .elementor-heading-title[class*=elementor-size-]>a{color:inherit;font-size:inherit;line-height:inherit}.elementor-widget-heading .elementor-heading-title.elementor-size-small{font-size:15px}.elementor-widget-heading .elementor-heading-title.elementor-size-medium{font-size:19px}.elementor-widget-heading .elementor-heading-title.elementor-size-large{font-size:29px}.elementor-widget-heading .elementor-heading-title.elementor-size-xl{font-size:39px}.elementor-widget-heading .elementor-heading-title.elementor-size-xxl{font-size:59px}<\/style><h1 class=\"elementor-heading-title elementor-size-default\">Cirurgias<\/h1>\t\t<\/div>\n\t\t\t\t<\/div>\n\t\t\t\t\t<\/div>\n\t\t<\/div>\n\t\t\t\t<div class=\"elementor-column elementor-col-50 elementor-inner-column elementor-element elementor-element-1fa9ab9\" data-id=\"1fa9ab9\" data-element_type=\"column\">\n\t\t\t<div class=\"elementor-widget-wrap\">\n\t\t\t\t\t\t\t\t\t<\/div>\n\t\t<\/div>\n\t\t\t\t\t\t\t<\/div>\n\t\t<\/section>\n\t\t\t\t\t<\/div>\n\t\t<\/div>\n\t\t\t\t\t\t\t<\/div>\n\t\t<\/section>\n\t\t\t\t<section class=\"elementor-section elementor-top-section elementor-element elementor-element-2f7720d8 elementor-section-boxed elementor-section-height-default elementor-section-height-default\" data-id=\"2f7720d8\" data-element_type=\"section\" data-settings=\"{&quot;background_background&quot;:&quot;classic&quot;}\">\n\t\t\t\t\t\t<div class=\"elementor-container elementor-column-gap-default\">\n\t\t\t\t\t<div class=\"elementor-column elementor-col-66 elementor-top-column elementor-element elementor-element-3e74803c\" data-id=\"3e74803c\" data-element_type=\"column\">\n\t\t\t<div class=\"elementor-widget-wrap elementor-element-populated\">\n\t\t\t\t\t\t\t\t<div class=\"elementor-element elementor-element-3436f7f7 elementor-widget elementor-widget-heading\" data-id=\"3436f7f7\" data-element_type=\"widget\" data-widget_type=\"heading.default\">\n\t\t\t\t<div class=\"elementor-widget-container\">\n\t\t\t<h3 class=\"elementor-heading-title elementor-size-default\">MENTOPLASTIA | CIRURGIA DE QUEIXO (Feminino)<\/h3>\t\t<\/div>\n\t\t\t\t<\/div>\n\t\t\t\t<div class=\"elementor-element elementor-element-cfc6994 elementor-widget elementor-widget-image\" data-id=\"cfc6994\" data-element_type=\"widget\" data-widget_type=\"image.default\">\n\t\t\t\t<div class=\"elementor-widget-container\">\n\t\t\t<style>\/*! elementor - v3.13.3 - 28-05-2023 *\/\n.elementor-widget-image{text-align:center}.elementor-widget-image a{display:inline-block}.elementor-widget-image a img[src$=\".svg\"]{width:48px}.elementor-widget-image img{vertical-align:middle;display:inline-block}<\/style>\t\t\t\t\t\t\t\t\t\t\t\t<img loading=\"lazy\" decoding=\"async\" width=\"567\" height=\"240\" src=\"https:\/\/resolut.dev.br\/gaspar\/wp-content\/uploads\/2023\/12\/Mentoplastia-Feminina.png\" class=\"attachment-full size-full wp-image-706\" alt=\"\" srcset=\"https:\/\/resolut.dev.br\/gaspar\/wp-content\/uploads\/2023\/12\/Mentoplastia-Feminina.png 567w, https:\/\/resolut.dev.br\/gaspar\/wp-content\/uploads\/2023\/12\/Mentoplastia-Feminina-300x127.png 300w\" sizes=\"auto, (max-width: 567px) 100vw, 567px\" \/>\t\t\t\t\t\t\t\t\t\t\t\t\t\t\t<\/div>\n\t\t\t\t<\/div>\n\t\t\t\t<div class=\"elementor-element elementor-element-7c590ea6 elementor-widget elementor-widget-text-editor\" data-id=\"7c590ea6\" data-element_type=\"widget\" data-widget_type=\"text-editor.default\">\n\t\t\t\t<div class=\"elementor-widget-container\">\n\t\t\t<style>\/*! elementor - v3.13.3 - 28-05-2023 *\/\n.elementor-widget-text-editor.elementor-drop-cap-view-stacked .elementor-drop-cap{background-color:#69727d;color:#fff}.elementor-widget-text-editor.elementor-drop-cap-view-framed .elementor-drop-cap{color:#69727d;border:3px solid;background-color:transparent}.elementor-widget-text-editor:not(.elementor-drop-cap-view-default) .elementor-drop-cap{margin-top:8px}.elementor-widget-text-editor:not(.elementor-drop-cap-view-default) .elementor-drop-cap-letter{width:1em;height:1em}.elementor-widget-text-editor .elementor-drop-cap{float:left;text-align:center;line-height:1;font-size:50px}.elementor-widget-text-editor .elementor-drop-cap-letter{display:inline-block}<\/style>\t\t\t\t<p>A mentoplastia \u00e9 um procedimento cir\u00fargico que visa alterar o tamanho, forma e proje\u00e7\u00e3o do queixo, com o objetivo de melhorar a apar\u00eancia est\u00e9tica do mesmo.<\/p><p>Esse procedimento consiste em utilizar uma pr\u00f3tese de silicone para aumentar o tamanho e ajustar a proje\u00e7\u00e3o do queixo, dessa maneira compondo um perfil mais harm\u00f4nico, melhorando a simetria da face da paciente.<\/p><p>O processo de recupera\u00e7\u00e3o pode levar algumas semanas, durante as quais a paciente deve seguir as orienta\u00e7\u00f5es do m\u00e9dico para evitar esfor\u00e7os f\u00edsicos excessivos, exposi\u00e7\u00e3o solar e atividades que possam comprometer o resultado final da cirurgia.<\/p><p>Os resultados da mentoplastia s\u00e3o duradouros e podem proporcionar uma melhora significativa na apar\u00eancia est\u00e9tica do rosto.<\/p>\t\t\t\t\t\t<\/div>\n\t\t\t\t<\/div>\n\t\t\t\t\t<\/div>\n\t\t<\/div>\n\t\t\t\t<div class=\"elementor-column elementor-col-33 elementor-top-column elementor-element elementor-element-5d548026\" data-id=\"5d548026\" data-element_type=\"column\">\n\t\t\t<div class=\"elementor-widget-wrap\">\n\t\t\t\t\t\t\t\t\t<\/div>\n\t\t<\/div>\n\t\t\t\t\t\t\t<\/div>\n\t\t<\/section>\n\t\t\t\t\t\t\t<\/div>\n\t\t","protected":false},"excerpt":{"rendered":"<p>Cirurgias MENTOPLASTIA | CIRURGIA DE QUEIXO (Feminino) A mentoplastia \u00e9 um procedimento cir\u00fargico que visa alterar o tamanho, forma e proje\u00e7\u00e3o do queixo, com o objetivo de melhorar a apar\u00eancia est\u00e9tica do mesmo. Esse procedimento consiste em utilizar uma pr\u00f3tese de silicone para aumentar o tamanho e ajustar a proje\u00e7\u00e3o do queixo, dessa maneira compondo [&hellip;]<\/p>\n","protected":false},"author":2,"featured_media":0,"parent":0,"menu_order":0,"comment_status":"closed","ping_status":"closed","template":"","meta":{"footnotes":""},"class_list":["post-360","page","type-page","status-publish","hentry"],"_links":{"self":[{"href":"https:\/\/resolut.dev.br\/gaspar\/wp-json\/wp\/v2\/pages\/360","targetHints":{"allow":["GET"]}}],"collection":[{"href":"https:\/\/resolut.dev.br\/gaspar\/wp-json\/wp\/v2\/pages"}],"about":[{"href":"https:\/\/resolut.dev.br\/gaspar\/wp-json\/wp\/v2\/types\/page"}],"author":[{"embeddable":true,"href":"https:\/\/resolut.dev.br\/gaspar\/wp-json\/wp\/v2\/users\/2"}],"replies":[{"embeddable":true,"href":"https:\/\/resolut.dev.br\/gaspar\/wp-json\/wp\/v2\/comments?post=360"}],"version-history":[{"count":22,"href":"https:\/\/resolut.dev.br\/gaspar\/wp-json\/wp\/v2\/pages\/360\/revisions"}],"predecessor-version":[{"id":1229,"href":"https:\/\/resolut.dev.br\/gaspar\/wp-json\/wp\/v2\/pages\/360\/revisions\/1229"}],"wp:attachment":[{"href":"https:\/\/resolut.dev.br\/gaspar\/wp-json\/wp\/v2\/media?parent=360"}],"curies":[{"name":"wp","href":"https:\/\/api.w.org\/{rel}","templated":true}]}}