{"id":355,"date":"2023-06-16T15:25:46","date_gmt":"2023-06-16T15:25:46","guid":{"rendered":"https:\/\/resolut.dev.br\/gaspar\/?page_id=355"},"modified":"2024-03-20T18:26:00","modified_gmt":"2024-03-20T18:26:00","slug":"gluteoplastia","status":"publish","type":"page","link":"https:\/\/resolut.dev.br\/gaspar\/gluteoplastia\/","title":{"rendered":"GLUTEOPLASTIA"},"content":{"rendered":"\t\t<div data-elementor-type=\"wp-page\" data-elementor-id=\"355\" class=\"elementor elementor-355\">\n\t\t\t\t\t\t\t\t\t<section class=\"elementor-section elementor-top-section elementor-element elementor-element-d5127b0 elementor-section-boxed elementor-section-height-default elementor-section-height-default\" data-id=\"d5127b0\" data-element_type=\"section\" data-settings=\"{&quot;background_background&quot;:&quot;classic&quot;}\">\n\t\t\t\t\t\t\t<div class=\"elementor-background-overlay\"><\/div>\n\t\t\t\t\t\t\t<div class=\"elementor-container elementor-column-gap-default\">\n\t\t\t\t\t<div class=\"elementor-column elementor-col-100 elementor-top-column elementor-element elementor-element-00147a4\" data-id=\"00147a4\" data-element_type=\"column\">\n\t\t\t<div class=\"elementor-widget-wrap elementor-element-populated\">\n\t\t\t\t\t\t\t\t<section class=\"elementor-section elementor-inner-section elementor-element elementor-element-fa67c65 elementor-section-content-middle elementor-section-boxed elementor-section-height-default elementor-section-height-default\" data-id=\"fa67c65\" data-element_type=\"section\" data-settings=\"{&quot;background_background&quot;:&quot;classic&quot;}\">\n\t\t\t\t\t\t<div class=\"elementor-container elementor-column-gap-default\">\n\t\t\t\t\t<div class=\"elementor-column elementor-col-50 elementor-inner-column elementor-element elementor-element-f6f4f01\" data-id=\"f6f4f01\" data-element_type=\"column\">\n\t\t\t<div class=\"elementor-widget-wrap elementor-element-populated\">\n\t\t\t\t\t\t\t\t<div class=\"elementor-element elementor-element-21d43e5 elementor-invisible elementor-widget elementor-widget-heading\" data-id=\"21d43e5\" data-element_type=\"widget\" data-settings=\"{&quot;_animation&quot;:&quot;fadeInUp&quot;}\" data-widget_type=\"heading.default\">\n\t\t\t\t<div class=\"elementor-widget-container\">\n\t\t\t<style>\/*! elementor - v3.13.3 - 28-05-2023 *\/\n.elementor-heading-title{padding:0;margin:0;line-height:1}.elementor-widget-heading .elementor-heading-title[class*=elementor-size-]>a{color:inherit;font-size:inherit;line-height:inherit}.elementor-widget-heading .elementor-heading-title.elementor-size-small{font-size:15px}.elementor-widget-heading .elementor-heading-title.elementor-size-medium{font-size:19px}.elementor-widget-heading .elementor-heading-title.elementor-size-large{font-size:29px}.elementor-widget-heading .elementor-heading-title.elementor-size-xl{font-size:39px}.elementor-widget-heading .elementor-heading-title.elementor-size-xxl{font-size:59px}<\/style><h1 class=\"elementor-heading-title elementor-size-default\">Cirurgias Est\u00e9ticas<\/h1>\t\t<\/div>\n\t\t\t\t<\/div>\n\t\t\t\t\t<\/div>\n\t\t<\/div>\n\t\t\t\t<div class=\"elementor-column elementor-col-50 elementor-inner-column elementor-element elementor-element-1fa9ab9\" data-id=\"1fa9ab9\" data-element_type=\"column\">\n\t\t\t<div class=\"elementor-widget-wrap\">\n\t\t\t\t\t\t\t\t\t<\/div>\n\t\t<\/div>\n\t\t\t\t\t\t\t<\/div>\n\t\t<\/section>\n\t\t\t\t\t<\/div>\n\t\t<\/div>\n\t\t\t\t\t\t\t<\/div>\n\t\t<\/section>\n\t\t\t\t<section class=\"elementor-section elementor-top-section elementor-element elementor-element-2f7720d8 elementor-section-boxed elementor-section-height-default elementor-section-height-default\" data-id=\"2f7720d8\" data-element_type=\"section\" data-settings=\"{&quot;background_background&quot;:&quot;classic&quot;}\">\n\t\t\t\t\t\t<div class=\"elementor-container elementor-column-gap-default\">\n\t\t\t\t\t<div class=\"elementor-column elementor-col-66 elementor-top-column elementor-element elementor-element-3e74803c\" data-id=\"3e74803c\" data-element_type=\"column\">\n\t\t\t<div class=\"elementor-widget-wrap elementor-element-populated\">\n\t\t\t\t\t\t\t\t<div class=\"elementor-element elementor-element-3436f7f7 elementor-widget elementor-widget-heading\" data-id=\"3436f7f7\" data-element_type=\"widget\" data-widget_type=\"heading.default\">\n\t\t\t\t<div class=\"elementor-widget-container\">\n\t\t\t<h3 class=\"elementor-heading-title elementor-size-default\">GLUTEOPLASTIA<\/h3>\t\t<\/div>\n\t\t\t\t<\/div>\n\t\t\t\t<div class=\"elementor-element elementor-element-65aea9a elementor-widget elementor-widget-image\" data-id=\"65aea9a\" data-element_type=\"widget\" data-widget_type=\"image.default\">\n\t\t\t\t<div class=\"elementor-widget-container\">\n\t\t\t<style>\/*! elementor - v3.13.3 - 28-05-2023 *\/\n.elementor-widget-image{text-align:center}.elementor-widget-image a{display:inline-block}.elementor-widget-image a img[src$=\".svg\"]{width:48px}.elementor-widget-image img{vertical-align:middle;display:inline-block}<\/style>\t\t\t\t\t\t\t\t\t\t\t\t<img loading=\"lazy\" decoding=\"async\" width=\"740\" height=\"493\" src=\"https:\/\/resolut.dev.br\/gaspar\/wp-content\/uploads\/2023\/12\/Gluteoplastia.png\" class=\"attachment-full size-full wp-image-701\" alt=\"\" srcset=\"https:\/\/resolut.dev.br\/gaspar\/wp-content\/uploads\/2023\/12\/Gluteoplastia.png 740w, https:\/\/resolut.dev.br\/gaspar\/wp-content\/uploads\/2023\/12\/Gluteoplastia-300x200.png 300w\" sizes=\"auto, (max-width: 740px) 100vw, 740px\" \/>\t\t\t\t\t\t\t\t\t\t\t\t\t\t\t<\/div>\n\t\t\t\t<\/div>\n\t\t\t\t<div class=\"elementor-element elementor-element-7c590ea6 elementor-widget elementor-widget-text-editor\" data-id=\"7c590ea6\" data-element_type=\"widget\" data-widget_type=\"text-editor.default\">\n\t\t\t\t<div class=\"elementor-widget-container\">\n\t\t\t<style>\/*! elementor - v3.13.3 - 28-05-2023 *\/\n.elementor-widget-text-editor.elementor-drop-cap-view-stacked .elementor-drop-cap{background-color:#69727d;color:#fff}.elementor-widget-text-editor.elementor-drop-cap-view-framed .elementor-drop-cap{color:#69727d;border:3px solid;background-color:transparent}.elementor-widget-text-editor:not(.elementor-drop-cap-view-default) .elementor-drop-cap{margin-top:8px}.elementor-widget-text-editor:not(.elementor-drop-cap-view-default) .elementor-drop-cap-letter{width:1em;height:1em}.elementor-widget-text-editor .elementor-drop-cap{float:left;text-align:center;line-height:1;font-size:50px}.elementor-widget-text-editor .elementor-drop-cap-letter{display:inline-block}<\/style>\t\t\t\t<p>\u00c9 um procedimento cir\u00fargico que tem como objetivo aumentar o tamanho, forma e\/ou proje\u00e7\u00e3o dos gl\u00fateos. Existem v\u00e1rias raz\u00f5es pelas quais as pessoas optam pela gluteoplastia, incluindo melhorar a autoestima, corrigir assimetrias e restaurar a apar\u00eancia dos gl\u00fateos ap\u00f3s uma perda de peso significativa.<\/p><p>Um dos principais benef\u00edcios da gluteoplastia \u00e9 a melhora da apar\u00eancia dos gl\u00fateos. A cirurgia pode aumentar o tamanho dos gl\u00fateos e melhorar a sua forma, tornando-os mais arredondados e elevados. Isso pode melhorar significativamente a autoestima e a confian\u00e7a do paciente, al\u00e9m de proporcionar um visual mais harmonioso e charmoso ao corpo.<\/p><p>Existem v\u00e1rias t\u00e9cnicas cir\u00fargicas dispon\u00edveis para melhorar a apar\u00eancia dos gl\u00fateos, cada uma com seus pr\u00f3prios benef\u00edcios:<\/p><p>O lifting gl\u00fateo, tamb\u00e9m conhecido como gluteopexia, \u00e9 um procedimento cir\u00fargico que remove o excesso de pele e gordura dos gl\u00fateos e os levanta para uma posi\u00e7\u00e3o mais elevada e jovem. O lifting gl\u00fateo oferece benef\u00edcios como uma apar\u00eancia mais jovem e firme dos gl\u00fateos, melhora na forma e propor\u00e7\u00e3o, e um aumento da autoestima e confian\u00e7a do paciente. Al\u00e9m disso, o lifting gl\u00fateo pode ser combinado com outras t\u00e9cnicas cir\u00fargicas, como a lipoenxertia gl\u00fatea, para fornecer resultados ainda mais significativos.<\/p><p>A pr\u00f3tese gl\u00fatea, ou volumiza\u00e7\u00e3o gl\u00fatea, \u00e9 uma t\u00e9cnica cir\u00fargica que utiliza implantes de silicone (similares aos usados nas mamas) para aumentar o volume dos gl\u00fateos. Os benef\u00edcios da pr\u00f3tese gl\u00fatea incluem um aumento significativo do volume dos gl\u00fateos al\u00e9m da melhora na forma e propor\u00e7\u00e3o.<\/p><p>A lipoenxertia gl\u00fatea, tamb\u00e9m conhecida como enxerto de gordura nos gl\u00fateos, \u00e9 uma t\u00e9cnica cir\u00fargica que utiliza a pr\u00f3pria gordura do paciente para aumentar o volume dos gl\u00fateos. Os benef\u00edcios da lipoenxertia gl\u00fatea incluem um aumento natural do volume dos gl\u00fateos, melhora simetria e proje\u00e7\u00e3o.<\/p><p>Por fim, a t\u00e9cnica h\u00edbrida dos gl\u00fateos, dentre essas a favorita do Dr. Maur\u00edcio, combina v\u00e1rias t\u00e9cnicas cir\u00fargicas para melhorar a apar\u00eancia dos gl\u00fateos de forma mais completa. Esta t\u00e9cnica pode incluir a combina\u00e7\u00e3o de pr\u00f3teses gl\u00fateas, lipoenxertia e\/ou lifting gl\u00fateo para atingir os resultados desejados. Os benef\u00edcios da t\u00e9cnica h\u00edbrida dos gl\u00fateos incluem uma apar\u00eancia mais harmoniosa dos gl\u00fateos, melhora no volume e proje\u00e7\u00e3o, proporcionando assim resultados mais completos.\u00a0<\/p><p>Para tirar todas suas d\u00favidas, o melhor \u00e9 agendar sua consulta de avalia\u00e7\u00e3o para definir qual a melhor op\u00e7\u00e3o para voc\u00ea.<\/p>\t\t\t\t\t\t<\/div>\n\t\t\t\t<\/div>\n\t\t\t\t\t<\/div>\n\t\t<\/div>\n\t\t\t\t<div class=\"elementor-column elementor-col-33 elementor-top-column elementor-element elementor-element-5d548026\" data-id=\"5d548026\" data-element_type=\"column\">\n\t\t\t<div class=\"elementor-widget-wrap\">\n\t\t\t\t\t\t\t\t\t<\/div>\n\t\t<\/div>\n\t\t\t\t\t\t\t<\/div>\n\t\t<\/section>\n\t\t\t\t\t\t\t<\/div>\n\t\t","protected":false},"excerpt":{"rendered":"<p>Cirurgias Est\u00e9ticas GLUTEOPLASTIA \u00c9 um procedimento cir\u00fargico que tem como objetivo aumentar o tamanho, forma e\/ou proje\u00e7\u00e3o dos gl\u00fateos. Existem v\u00e1rias raz\u00f5es pelas quais as pessoas optam pela gluteoplastia, incluindo melhorar a autoestima, corrigir assimetrias e restaurar a apar\u00eancia dos gl\u00fateos ap\u00f3s uma perda de peso significativa. Um dos principais benef\u00edcios da gluteoplastia \u00e9 a [&hellip;]<\/p>\n","protected":false},"author":2,"featured_media":0,"parent":0,"menu_order":0,"comment_status":"closed","ping_status":"closed","template":"","meta":{"footnotes":""},"class_list":["post-355","page","type-page","status-publish","hentry"],"_links":{"self":[{"href":"https:\/\/resolut.dev.br\/gaspar\/wp-json\/wp\/v2\/pages\/355","targetHints":{"allow":["GET"]}}],"collection":[{"href":"https:\/\/resolut.dev.br\/gaspar\/wp-json\/wp\/v2\/pages"}],"about":[{"href":"https:\/\/resolut.dev.br\/gaspar\/wp-json\/wp\/v2\/types\/page"}],"author":[{"embeddable":true,"href":"https:\/\/resolut.dev.br\/gaspar\/wp-json\/wp\/v2\/users\/2"}],"replies":[{"embeddable":true,"href":"https:\/\/resolut.dev.br\/gaspar\/wp-json\/wp\/v2\/comments?post=355"}],"version-history":[{"count":16,"href":"https:\/\/resolut.dev.br\/gaspar\/wp-json\/wp\/v2\/pages\/355\/revisions"}],"predecessor-version":[{"id":1107,"href":"https:\/\/resolut.dev.br\/gaspar\/wp-json\/wp\/v2\/pages\/355\/revisions\/1107"}],"wp:attachment":[{"href":"https:\/\/resolut.dev.br\/gaspar\/wp-json\/wp\/v2\/media?parent=355"}],"curies":[{"name":"wp","href":"https:\/\/api.w.org\/{rel}","templated":true}]}}