{"id":350,"date":"2023-06-16T15:24:31","date_gmt":"2023-06-16T15:24:31","guid":{"rendered":"https:\/\/resolut.dev.br\/gaspar\/?page_id=350"},"modified":"2024-05-03T19:10:27","modified_gmt":"2024-05-03T19:10:27","slug":"blefaroplastia-cirurgia-de-palpebras-masculino","status":"publish","type":"page","link":"https:\/\/resolut.dev.br\/gaspar\/blefaroplastia-cirurgia-de-palpebras-masculino\/","title":{"rendered":"BLEFAROPLASTIA | CIRURGIA DE P\u00c1LPEBRAS (Masculino)"},"content":{"rendered":"\t\t<div data-elementor-type=\"wp-page\" data-elementor-id=\"350\" class=\"elementor elementor-350\">\n\t\t\t\t\t\t\t\t\t<section class=\"elementor-section elementor-top-section elementor-element elementor-element-d5127b0 elementor-section-boxed elementor-section-height-default elementor-section-height-default\" data-id=\"d5127b0\" data-element_type=\"section\" data-settings=\"{&quot;background_background&quot;:&quot;classic&quot;}\">\n\t\t\t\t\t\t\t<div class=\"elementor-background-overlay\"><\/div>\n\t\t\t\t\t\t\t<div class=\"elementor-container elementor-column-gap-default\">\n\t\t\t\t\t<div class=\"elementor-column elementor-col-100 elementor-top-column elementor-element elementor-element-00147a4\" data-id=\"00147a4\" data-element_type=\"column\">\n\t\t\t<div class=\"elementor-widget-wrap elementor-element-populated\">\n\t\t\t\t\t\t\t\t<section class=\"elementor-section elementor-inner-section elementor-element elementor-element-fa67c65 elementor-section-content-middle elementor-section-boxed elementor-section-height-default elementor-section-height-default\" data-id=\"fa67c65\" data-element_type=\"section\" data-settings=\"{&quot;background_background&quot;:&quot;classic&quot;}\">\n\t\t\t\t\t\t<div class=\"elementor-container elementor-column-gap-default\">\n\t\t\t\t\t<div class=\"elementor-column elementor-col-50 elementor-inner-column elementor-element elementor-element-f6f4f01\" data-id=\"f6f4f01\" data-element_type=\"column\">\n\t\t\t<div class=\"elementor-widget-wrap elementor-element-populated\">\n\t\t\t\t\t\t\t\t<div class=\"elementor-element elementor-element-21d43e5 elementor-invisible elementor-widget elementor-widget-heading\" data-id=\"21d43e5\" data-element_type=\"widget\" data-settings=\"{&quot;_animation&quot;:&quot;fadeInUp&quot;}\" data-widget_type=\"heading.default\">\n\t\t\t\t<div class=\"elementor-widget-container\">\n\t\t\t<style>\/*! elementor - v3.13.3 - 28-05-2023 *\/\n.elementor-heading-title{padding:0;margin:0;line-height:1}.elementor-widget-heading .elementor-heading-title[class*=elementor-size-]>a{color:inherit;font-size:inherit;line-height:inherit}.elementor-widget-heading .elementor-heading-title.elementor-size-small{font-size:15px}.elementor-widget-heading .elementor-heading-title.elementor-size-medium{font-size:19px}.elementor-widget-heading .elementor-heading-title.elementor-size-large{font-size:29px}.elementor-widget-heading .elementor-heading-title.elementor-size-xl{font-size:39px}.elementor-widget-heading .elementor-heading-title.elementor-size-xxl{font-size:59px}<\/style><h1 class=\"elementor-heading-title elementor-size-default\">Cirurgias<\/h1>\t\t<\/div>\n\t\t\t\t<\/div>\n\t\t\t\t\t<\/div>\n\t\t<\/div>\n\t\t\t\t<div class=\"elementor-column elementor-col-50 elementor-inner-column elementor-element elementor-element-1fa9ab9\" data-id=\"1fa9ab9\" data-element_type=\"column\">\n\t\t\t<div class=\"elementor-widget-wrap\">\n\t\t\t\t\t\t\t\t\t<\/div>\n\t\t<\/div>\n\t\t\t\t\t\t\t<\/div>\n\t\t<\/section>\n\t\t\t\t\t<\/div>\n\t\t<\/div>\n\t\t\t\t\t\t\t<\/div>\n\t\t<\/section>\n\t\t\t\t<section class=\"elementor-section elementor-top-section elementor-element elementor-element-2f7720d8 elementor-section-boxed elementor-section-height-default elementor-section-height-default\" data-id=\"2f7720d8\" data-element_type=\"section\" data-settings=\"{&quot;background_background&quot;:&quot;classic&quot;}\">\n\t\t\t\t\t\t<div class=\"elementor-container elementor-column-gap-default\">\n\t\t\t\t\t<div class=\"elementor-column elementor-col-66 elementor-top-column elementor-element elementor-element-3e74803c\" data-id=\"3e74803c\" data-element_type=\"column\">\n\t\t\t<div class=\"elementor-widget-wrap elementor-element-populated\">\n\t\t\t\t\t\t\t\t<div class=\"elementor-element elementor-element-3436f7f7 elementor-widget elementor-widget-heading\" data-id=\"3436f7f7\" data-element_type=\"widget\" data-widget_type=\"heading.default\">\n\t\t\t\t<div class=\"elementor-widget-container\">\n\t\t\t<h3 class=\"elementor-heading-title elementor-size-default\">BLEFAROPLASTIA | CIRURGIA DE P\u00c1LPEBRAS (Masculino)<\/h3>\t\t<\/div>\n\t\t\t\t<\/div>\n\t\t\t\t<div class=\"elementor-element elementor-element-e569504 elementor-widget elementor-widget-image\" data-id=\"e569504\" data-element_type=\"widget\" data-widget_type=\"image.default\">\n\t\t\t\t<div class=\"elementor-widget-container\">\n\t\t\t<style>\/*! elementor - v3.13.3 - 28-05-2023 *\/\n.elementor-widget-image{text-align:center}.elementor-widget-image a{display:inline-block}.elementor-widget-image a img[src$=\".svg\"]{width:48px}.elementor-widget-image img{vertical-align:middle;display:inline-block}<\/style>\t\t\t\t\t\t\t\t\t\t\t\t<img loading=\"lazy\" decoding=\"async\" width=\"1200\" height=\"800\" src=\"https:\/\/resolut.dev.br\/gaspar\/wp-content\/uploads\/2023\/12\/Blefaroplastia-Masculina.jpg\" class=\"attachment-full size-full wp-image-696\" alt=\"\" srcset=\"https:\/\/resolut.dev.br\/gaspar\/wp-content\/uploads\/2023\/12\/Blefaroplastia-Masculina.jpg 1200w, https:\/\/resolut.dev.br\/gaspar\/wp-content\/uploads\/2023\/12\/Blefaroplastia-Masculina-300x200.jpg 300w, https:\/\/resolut.dev.br\/gaspar\/wp-content\/uploads\/2023\/12\/Blefaroplastia-Masculina-1024x683.jpg 1024w, https:\/\/resolut.dev.br\/gaspar\/wp-content\/uploads\/2023\/12\/Blefaroplastia-Masculina-768x512.jpg 768w\" sizes=\"auto, (max-width: 1200px) 100vw, 1200px\" \/>\t\t\t\t\t\t\t\t\t\t\t\t\t\t\t<\/div>\n\t\t\t\t<\/div>\n\t\t\t\t<div class=\"elementor-element elementor-element-7c590ea6 elementor-widget elementor-widget-text-editor\" data-id=\"7c590ea6\" data-element_type=\"widget\" data-widget_type=\"text-editor.default\">\n\t\t\t\t<div class=\"elementor-widget-container\">\n\t\t\t<style>\/*! elementor - v3.13.3 - 28-05-2023 *\/\n.elementor-widget-text-editor.elementor-drop-cap-view-stacked .elementor-drop-cap{background-color:#69727d;color:#fff}.elementor-widget-text-editor.elementor-drop-cap-view-framed .elementor-drop-cap{color:#69727d;border:3px solid;background-color:transparent}.elementor-widget-text-editor:not(.elementor-drop-cap-view-default) .elementor-drop-cap{margin-top:8px}.elementor-widget-text-editor:not(.elementor-drop-cap-view-default) .elementor-drop-cap-letter{width:1em;height:1em}.elementor-widget-text-editor .elementor-drop-cap{float:left;text-align:center;line-height:1;font-size:50px}.elementor-widget-text-editor .elementor-drop-cap-letter{display:inline-block}<\/style>\t\t\t\t<p>A blefaroplastia \u00e9 um procedimento cir\u00fargico que pode trazer muitos benef\u00edcios est\u00e9ticos e funcionais para os homens que desejam melhorar a apar\u00eancia dos olhos e corrigir problemas relacionados \u00e0s p\u00e1lpebras. Um dos principais benef\u00edcios da blefaroplastia \u00e9 o efeito rejuvenescedor que pode proporcionar.<\/p><p>Com o passar do tempo, a pele ao redor dos olhos pode perder elasticidade e firmeza, causando rugas, flacidez e excesso de pele nas p\u00e1lpebras. Esses sinais de envelhecimento podem fazer com que o paciente pare\u00e7a cansado, abatido ou mais velho do que realmente \u00e9. A blefaroplastia pode ajudar a corrigir esses problemas, removendo o excesso de pele e gordura nas p\u00e1lpebras, melhorando a apar\u00eancia dos olhos e proporcionando uma express\u00e3o mais jovem, alerta e atraente.<\/p><p>Os resultados da blefaroplastia podem ser fant\u00e1sticos e duradouros, melhorando a autoestima e a confian\u00e7a masculina. No entanto, \u00e9 importante lembrar que a cirurgia n\u00e3o pode impedir o processo natural de envelhecimento. A idade, a gen\u00e9tica e outros fatores podem afetar a dura\u00e7\u00e3o dos resultados.<\/p><p>O Dr. Mauricio Gaspar ressalta que \u00e9 fundamental ter em mente que a blefaroplastia n\u00e3o tem o objetivo de alterar a apar\u00eancia de forma dr\u00e1stica, mas sim de rejuvenescer e melhorar a harmonia facial. Manter cuidados cont\u00ednuos com a pele e adotar um estilo de vida saud\u00e1vel s\u00e3o importantes para maximizar e prolongar os resultados do procedimento.<\/p>\t\t\t\t\t\t<\/div>\n\t\t\t\t<\/div>\n\t\t\t\t\t<\/div>\n\t\t<\/div>\n\t\t\t\t<div class=\"elementor-column elementor-col-33 elementor-top-column elementor-element elementor-element-5d548026\" data-id=\"5d548026\" data-element_type=\"column\">\n\t\t\t<div class=\"elementor-widget-wrap\">\n\t\t\t\t\t\t\t\t\t<\/div>\n\t\t<\/div>\n\t\t\t\t\t\t\t<\/div>\n\t\t<\/section>\n\t\t\t\t\t\t\t<\/div>\n\t\t","protected":false},"excerpt":{"rendered":"<p>Cirurgias BLEFAROPLASTIA | CIRURGIA DE P\u00c1LPEBRAS (Masculino) A blefaroplastia \u00e9 um procedimento cir\u00fargico que pode trazer muitos benef\u00edcios est\u00e9ticos e funcionais para os homens que desejam melhorar a apar\u00eancia dos olhos e corrigir problemas relacionados \u00e0s p\u00e1lpebras. Um dos principais benef\u00edcios da blefaroplastia \u00e9 o efeito rejuvenescedor que pode proporcionar. Com o passar do tempo, [&hellip;]<\/p>\n","protected":false},"author":2,"featured_media":0,"parent":0,"menu_order":0,"comment_status":"closed","ping_status":"closed","template":"","meta":{"footnotes":""},"class_list":["post-350","page","type-page","status-publish","hentry"],"_links":{"self":[{"href":"https:\/\/resolut.dev.br\/gaspar\/wp-json\/wp\/v2\/pages\/350","targetHints":{"allow":["GET"]}}],"collection":[{"href":"https:\/\/resolut.dev.br\/gaspar\/wp-json\/wp\/v2\/pages"}],"about":[{"href":"https:\/\/resolut.dev.br\/gaspar\/wp-json\/wp\/v2\/types\/page"}],"author":[{"embeddable":true,"href":"https:\/\/resolut.dev.br\/gaspar\/wp-json\/wp\/v2\/users\/2"}],"replies":[{"embeddable":true,"href":"https:\/\/resolut.dev.br\/gaspar\/wp-json\/wp\/v2\/comments?post=350"}],"version-history":[{"count":19,"href":"https:\/\/resolut.dev.br\/gaspar\/wp-json\/wp\/v2\/pages\/350\/revisions"}],"predecessor-version":[{"id":1211,"href":"https:\/\/resolut.dev.br\/gaspar\/wp-json\/wp\/v2\/pages\/350\/revisions\/1211"}],"wp:attachment":[{"href":"https:\/\/resolut.dev.br\/gaspar\/wp-json\/wp\/v2\/media?parent=350"}],"curies":[{"name":"wp","href":"https:\/\/api.w.org\/{rel}","templated":true}]}}