{"id":269,"date":"2023-06-16T14:46:24","date_gmt":"2023-06-16T14:46:24","guid":{"rendered":"https:\/\/resolut.dev.br\/gaspar\/?page_id=269"},"modified":"2024-03-20T17:35:28","modified_gmt":"2024-03-20T17:35:28","slug":"lipoaspiracao-e-lipoescultura","status":"publish","type":"page","link":"https:\/\/resolut.dev.br\/gaspar\/lipoaspiracao-e-lipoescultura\/","title":{"rendered":"LIPOASPIRA\u00c7\u00c3O e LIPOESCULTURA"},"content":{"rendered":"\t\t<div data-elementor-type=\"wp-page\" data-elementor-id=\"269\" class=\"elementor elementor-269\">\n\t\t\t\t\t\t\t\t\t<section class=\"elementor-section elementor-top-section elementor-element elementor-element-6c3f6dd elementor-section-boxed elementor-section-height-default elementor-section-height-default\" data-id=\"6c3f6dd\" data-element_type=\"section\" data-settings=\"{&quot;background_background&quot;:&quot;classic&quot;}\">\n\t\t\t\t\t\t\t<div class=\"elementor-background-overlay\"><\/div>\n\t\t\t\t\t\t\t<div class=\"elementor-container elementor-column-gap-default\">\n\t\t\t\t\t<div class=\"elementor-column elementor-col-100 elementor-top-column elementor-element elementor-element-9562983\" data-id=\"9562983\" data-element_type=\"column\">\n\t\t\t<div class=\"elementor-widget-wrap elementor-element-populated\">\n\t\t\t\t\t\t\t\t<section class=\"elementor-section elementor-inner-section elementor-element elementor-element-235703b elementor-section-content-middle elementor-section-boxed elementor-section-height-default elementor-section-height-default\" data-id=\"235703b\" data-element_type=\"section\" data-settings=\"{&quot;background_background&quot;:&quot;classic&quot;}\">\n\t\t\t\t\t\t<div class=\"elementor-container elementor-column-gap-default\">\n\t\t\t\t\t<div class=\"elementor-column elementor-col-50 elementor-inner-column elementor-element elementor-element-d74d7ac\" data-id=\"d74d7ac\" data-element_type=\"column\">\n\t\t\t<div class=\"elementor-widget-wrap elementor-element-populated\">\n\t\t\t\t\t\t\t\t<div class=\"elementor-element elementor-element-7dc04f1 elementor-invisible elementor-widget elementor-widget-heading\" data-id=\"7dc04f1\" data-element_type=\"widget\" data-settings=\"{&quot;_animation&quot;:&quot;fadeInUp&quot;}\" data-widget_type=\"heading.default\">\n\t\t\t\t<div class=\"elementor-widget-container\">\n\t\t\t<style>\/*! elementor - v3.13.3 - 28-05-2023 *\/\n.elementor-heading-title{padding:0;margin:0;line-height:1}.elementor-widget-heading .elementor-heading-title[class*=elementor-size-]>a{color:inherit;font-size:inherit;line-height:inherit}.elementor-widget-heading .elementor-heading-title.elementor-size-small{font-size:15px}.elementor-widget-heading .elementor-heading-title.elementor-size-medium{font-size:19px}.elementor-widget-heading .elementor-heading-title.elementor-size-large{font-size:29px}.elementor-widget-heading .elementor-heading-title.elementor-size-xl{font-size:39px}.elementor-widget-heading .elementor-heading-title.elementor-size-xxl{font-size:59px}<\/style><h1 class=\"elementor-heading-title elementor-size-default\">Cirurgias Est\u00e9ticas<\/h1>\t\t<\/div>\n\t\t\t\t<\/div>\n\t\t\t\t\t<\/div>\n\t\t<\/div>\n\t\t\t\t<div class=\"elementor-column elementor-col-50 elementor-inner-column elementor-element elementor-element-0b113d4\" data-id=\"0b113d4\" data-element_type=\"column\">\n\t\t\t<div class=\"elementor-widget-wrap\">\n\t\t\t\t\t\t\t\t\t<\/div>\n\t\t<\/div>\n\t\t\t\t\t\t\t<\/div>\n\t\t<\/section>\n\t\t\t\t\t<\/div>\n\t\t<\/div>\n\t\t\t\t\t\t\t<\/div>\n\t\t<\/section>\n\t\t\t\t<section class=\"elementor-section elementor-top-section elementor-element elementor-element-6f802b9 elementor-section-boxed elementor-section-height-default elementor-section-height-default\" data-id=\"6f802b9\" data-element_type=\"section\" data-settings=\"{&quot;background_background&quot;:&quot;classic&quot;}\">\n\t\t\t\t\t\t<div class=\"elementor-container elementor-column-gap-default\">\n\t\t\t\t\t<div class=\"elementor-column elementor-col-66 elementor-top-column elementor-element elementor-element-1b05afb\" data-id=\"1b05afb\" data-element_type=\"column\">\n\t\t\t<div class=\"elementor-widget-wrap elementor-element-populated\">\n\t\t\t\t\t\t\t\t<div class=\"elementor-element elementor-element-7b58321 elementor-widget elementor-widget-heading\" data-id=\"7b58321\" data-element_type=\"widget\" data-widget_type=\"heading.default\">\n\t\t\t\t<div class=\"elementor-widget-container\">\n\t\t\t<h3 class=\"elementor-heading-title elementor-size-default\">LIPOASPIRA\u00c7\u00c3O e LIPOESCULTURA<\/h3>\t\t<\/div>\n\t\t\t\t<\/div>\n\t\t\t\t<div class=\"elementor-element elementor-element-70bfeeb elementor-widget elementor-widget-image\" data-id=\"70bfeeb\" data-element_type=\"widget\" data-widget_type=\"image.default\">\n\t\t\t\t<div class=\"elementor-widget-container\">\n\t\t\t<style>\/*! elementor - v3.13.3 - 28-05-2023 *\/\n.elementor-widget-image{text-align:center}.elementor-widget-image a{display:inline-block}.elementor-widget-image a img[src$=\".svg\"]{width:48px}.elementor-widget-image img{vertical-align:middle;display:inline-block}<\/style>\t\t\t\t\t\t\t\t\t\t\t\t<img loading=\"lazy\" decoding=\"async\" width=\"1501\" height=\"1999\" src=\"https:\/\/resolut.dev.br\/gaspar\/wp-content\/uploads\/2023\/12\/Lipoaspiracao-1.jpg\" class=\"attachment-full size-full wp-image-674\" alt=\"\" srcset=\"https:\/\/resolut.dev.br\/gaspar\/wp-content\/uploads\/2023\/12\/Lipoaspiracao-1.jpg 1501w, https:\/\/resolut.dev.br\/gaspar\/wp-content\/uploads\/2023\/12\/Lipoaspiracao-1-225x300.jpg 225w, https:\/\/resolut.dev.br\/gaspar\/wp-content\/uploads\/2023\/12\/Lipoaspiracao-1-769x1024.jpg 769w, https:\/\/resolut.dev.br\/gaspar\/wp-content\/uploads\/2023\/12\/Lipoaspiracao-1-768x1023.jpg 768w, https:\/\/resolut.dev.br\/gaspar\/wp-content\/uploads\/2023\/12\/Lipoaspiracao-1-1153x1536.jpg 1153w\" sizes=\"auto, (max-width: 1501px) 100vw, 1501px\" \/>\t\t\t\t\t\t\t\t\t\t\t\t\t\t\t<\/div>\n\t\t\t\t<\/div>\n\t\t\t\t<div class=\"elementor-element elementor-element-421dd44 elementor-widget elementor-widget-text-editor\" data-id=\"421dd44\" data-element_type=\"widget\" data-widget_type=\"text-editor.default\">\n\t\t\t\t<div class=\"elementor-widget-container\">\n\t\t\t<style>\/*! elementor - v3.13.3 - 28-05-2023 *\/\n.elementor-widget-text-editor.elementor-drop-cap-view-stacked .elementor-drop-cap{background-color:#69727d;color:#fff}.elementor-widget-text-editor.elementor-drop-cap-view-framed .elementor-drop-cap{color:#69727d;border:3px solid;background-color:transparent}.elementor-widget-text-editor:not(.elementor-drop-cap-view-default) .elementor-drop-cap{margin-top:8px}.elementor-widget-text-editor:not(.elementor-drop-cap-view-default) .elementor-drop-cap-letter{width:1em;height:1em}.elementor-widget-text-editor .elementor-drop-cap{float:left;text-align:center;line-height:1;font-size:50px}.elementor-widget-text-editor .elementor-drop-cap-letter{display:inline-block}<\/style>\t\t\t\t<p>Sabe aquela gordurinha localizada, dif\u00edcil de sair ?\u00a0<\/p><p>Se isso te incomoda, ent\u00e3o voc\u00ea \u00e9 forte candidata a Lipoaspira\u00e7\u00e3o.<\/p><p><b>A LIPOASPIRA\u00c7\u00c3O<\/b> \u00e9 um procedimento cir\u00fargico que utiliza uma c\u00e2nula de suc\u00e7\u00e3o para remover gordura de \u00e1reas espec\u00edficas do corpo, como abd\u00f4men, quadris, coxas, n\u00e1degas, bra\u00e7os ou papadas. Esse tipo de procedimento est\u00e9tico pode ser realizado tanto por mulheres quanto por homens.<\/p><p><b>A LIPOESCULTURA<\/b> \u00e9 um tipo de\u00a0cirurgia est\u00e9tica onde se faz uma lipoaspira\u00e7\u00e3o, para retirar a gordura em excesso de pequenas\u00a0\u00e1reas do corpo e, posteriormente, trat\u00e1-la e posicion\u00e1-la em locais estrat\u00e9gicos como por exemplo gl\u00fateos, sulcos do rosto, coxas e panturrilhas, com o objetivo de\u00a0melhorar o contorno corporal criando formas mais definidas, dando uma apar\u00eancia mais bela ao corpo.<\/p><p>Para a realiza\u00e7\u00e3o da Lipoescultura, podem ser utilizadas algumas t\u00e9cnicas e tecnologias. Tudo vai depender do objetivo e do tamanho das \u00e1reas tratadas.\u00a0 As t\u00e9cnicas e tecnologias de lipoescultura incluem:<\/p><p><b>A Vibrolipo<\/b> \u2013 A vibrolipoaspira\u00e7\u00e3o \u00e9 uma tecnologia que utiliza a vibra\u00e7\u00e3o de uma c\u00e2nula especial para facilitar a remo\u00e7\u00e3o de gordura localizada. A t\u00e9cnica \u00e9 a evolu\u00e7\u00e3o da lipoaspira\u00e7\u00e3o tradicional e tem como objetivo reduzir o trauma cir\u00fargico, a dor e o tempo de recupera\u00e7\u00e3o do paciente.<\/p><p>Durante o procedimento de vibrolipoaspira\u00e7\u00e3o, o Dr. Maur\u00edcio faz uma pequena incis\u00e3o na \u00e1rea a ser tratada e insere uma c\u00e2nula fina e vibrat\u00f3ria para romper as c\u00e9lulas de gordura e aspir\u00e1-las com mais facilidade. A vibra\u00e7\u00e3o da c\u00e2nula torna o processo mais eficiente, reduzindo o tempo necess\u00e1rio para retirar a gordura e minimizando o trauma nos tecidos circundantes.<\/p>\t\t\t\t\t\t<\/div>\n\t\t\t\t<\/div>\n\t\t\t\t<div class=\"elementor-element elementor-element-8e8f62c elementor-widget elementor-widget-heading\" data-id=\"8e8f62c\" data-element_type=\"widget\" data-widget_type=\"heading.default\">\n\t\t\t\t<div class=\"elementor-widget-container\">\n\t\t\t<h4 class=\"elementor-heading-title elementor-size-default\">Lipo Ultrass\u00f4nica<\/h4>\t\t<\/div>\n\t\t\t\t<\/div>\n\t\t\t\t<div class=\"elementor-element elementor-element-316b56f elementor-widget elementor-widget-image\" data-id=\"316b56f\" data-element_type=\"widget\" data-widget_type=\"image.default\">\n\t\t\t\t<div class=\"elementor-widget-container\">\n\t\t\t\t\t\t\t\t\t\t\t\t\t\t\t<img loading=\"lazy\" decoding=\"async\" width=\"740\" height=\"493\" src=\"https:\/\/resolut.dev.br\/gaspar\/wp-content\/uploads\/2023\/12\/Lipo-Ultrassonica.png\" class=\"attachment-full size-full wp-image-675\" alt=\"\" srcset=\"https:\/\/resolut.dev.br\/gaspar\/wp-content\/uploads\/2023\/12\/Lipo-Ultrassonica.png 740w, https:\/\/resolut.dev.br\/gaspar\/wp-content\/uploads\/2023\/12\/Lipo-Ultrassonica-300x200.png 300w\" sizes=\"auto, (max-width: 740px) 100vw, 740px\" \/>\t\t\t\t\t\t\t\t\t\t\t\t\t\t\t<\/div>\n\t\t\t\t<\/div>\n\t\t\t\t<div class=\"elementor-element elementor-element-ad0030f elementor-widget elementor-widget-text-editor\" data-id=\"ad0030f\" data-element_type=\"widget\" data-widget_type=\"text-editor.default\">\n\t\t\t\t<div class=\"elementor-widget-container\">\n\t\t\t\t\t\t\t<p>A lipoaspira\u00e7\u00e3o ultrass\u00f4nica \u00e9 uma tecnologia que utiliza ondas de ultrassom para quebrar a gordura indesejada em qualquer \u00e1rea do corpo, facilitando a sua remo\u00e7\u00e3o.\u00a0<\/p><p>Ao contr\u00e1rio da lipoaspira\u00e7\u00e3o tradicional, que utiliza c\u00e2nulas para remover a gordura, a lipoaspira\u00e7\u00e3o ultrass\u00f4nica usa uma c\u00e2nula que liquefaz as c\u00e9lulas adiposas antes da remo\u00e7\u00e3o. Isso torna o procedimento menos invasivo, pois requer menos for\u00e7a para retirar a gordura. Al\u00e9m disso, a t\u00e9cnica de ultrassom ajuda na contra\u00e7\u00e3o da pele, o que pode resultar em uma apar\u00eancia mais suave e tonificada ap\u00f3s a cirurgia.<\/p><p>Por ser menos invasiva, essa t\u00e9cnica possibilita uma recupera\u00e7\u00e3o mais r\u00e1pida do paciente, menos equimoses (hematomas na pele) e \u00e9 o principal aliado na t\u00e9cnica da lipoaspira\u00e7\u00e3o de alta defini\u00e7\u00e3o (Lipo HD) por dar mais seguran\u00e7a na realiza\u00e7\u00e3o do procedimento em si.<\/p><p><b>Lipo 360\u00b0<\/b> &#8211; T\u00e9cnica muito utilizada por Dr. Maur\u00edcio, que pode ser aliada com as tecnologias apresentadas acima, atua nas tr\u00eas regi\u00f5es principais de Lipo: abdome, flancos e costas. Da\u00ed o nome 360\u00b0, com essa t\u00e9cnica se remove a gordura das tr\u00eas regi\u00f5es em uma \u00fanica cirurgia.<\/p>\t\t\t\t\t\t<\/div>\n\t\t\t\t<\/div>\n\t\t\t\t<div class=\"elementor-element elementor-element-eade26c elementor-widget elementor-widget-heading\" data-id=\"eade26c\" data-element_type=\"widget\" data-widget_type=\"heading.default\">\n\t\t\t\t<div class=\"elementor-widget-container\">\n\t\t\t<h4 class=\"elementor-heading-title elementor-size-default\">Lipo HD<\/h4>\t\t<\/div>\n\t\t\t\t<\/div>\n\t\t\t\t<div class=\"elementor-element elementor-element-067e32c elementor-widget elementor-widget-image\" data-id=\"067e32c\" data-element_type=\"widget\" data-widget_type=\"image.default\">\n\t\t\t\t<div class=\"elementor-widget-container\">\n\t\t\t\t\t\t\t\t\t\t\t\t\t\t\t<img loading=\"lazy\" decoding=\"async\" width=\"740\" height=\"493\" src=\"https:\/\/resolut.dev.br\/gaspar\/wp-content\/uploads\/2023\/12\/Lipo-HD.png\" class=\"attachment-full size-full wp-image-676\" alt=\"\" srcset=\"https:\/\/resolut.dev.br\/gaspar\/wp-content\/uploads\/2023\/12\/Lipo-HD.png 740w, https:\/\/resolut.dev.br\/gaspar\/wp-content\/uploads\/2023\/12\/Lipo-HD-300x200.png 300w\" sizes=\"auto, (max-width: 740px) 100vw, 740px\" \/>\t\t\t\t\t\t\t\t\t\t\t\t\t\t\t<\/div>\n\t\t\t\t<\/div>\n\t\t\t\t<div class=\"elementor-element elementor-element-f3ffac1 elementor-widget elementor-widget-text-editor\" data-id=\"f3ffac1\" data-element_type=\"widget\" data-widget_type=\"text-editor.default\">\n\t\t\t\t<div class=\"elementor-widget-container\">\n\t\t\t\t\t\t\t<p>A Lipoaspira\u00e7\u00e3o de alta defini\u00e7\u00e3o, tamb\u00e9m conhecida como Lipoescultura de alta defini\u00e7\u00e3o ou LIPO HD, \u00e9 um procedimento est\u00e9tico que tem como objetivo esculpir o corpo, reduzindo a gordura em \u00e1reas estrat\u00e9gicas, deixando os m\u00fasculos mais aparentes e definidos.<\/p><p>Essa t\u00e9cnica de lipoaspira\u00e7\u00e3o \u00e9 indicada para pessoas que j\u00e1 est\u00e3o no seu peso ideal, praticam atividade f\u00edsica regularmente, mas desejam aperfei\u00e7oar sua apar\u00eancia muscular em \u00e1reas espec\u00edficas como o abd\u00f4men, flancos, costas, coxas e bra\u00e7os. Com a t\u00e9cnica, \u00e9 poss\u00edvel criar contornos corporais mais precisos, proporcionando uma apar\u00eancia mais definida e atl\u00e9tica.<\/p><p>Ao contr\u00e1rio da lipoaspira\u00e7\u00e3o tradicional, que se concentra apenas na remo\u00e7\u00e3o de gordura, a LIPO HD trabalha com a remo\u00e7\u00e3o de gordura em v\u00e1rias camadas diferentes no subcut\u00e2neo, a fim de real\u00e7ar a apar\u00eancia muscular. Al\u00e9m disso, a t\u00e9cnica utiliza c\u00e2nulas de menor di\u00e2metro, o que significa incis\u00f5es menores e cicatrizes mais discretas.<\/p><p>\u00c9 importante lembrar que a LIPO HD \u00e9 uma t\u00e9cnica avan\u00e7ada e deve ser realizada por um cirurgi\u00e3o pl\u00e1stico altamente qualificado e experiente. O Dr. Maur\u00edcio ir\u00e1 avaliar cuidadosamente as suas necessidades e objetivos para criar um plano de tratamento personalizado.<\/p><p>Ap\u00f3s a cirurgia, \u00e9 importante seguir todas as instru\u00e7\u00f5es p\u00f3s-operat\u00f3rias, incluindo a utiliza\u00e7\u00e3o de malhas de compress\u00e3o e a realiza\u00e7\u00e3o de atividades f\u00edsicas orientadas, para garantir uma recupera\u00e7\u00e3o segura e o resultado dos seus sonhos.<\/p>\t\t\t\t\t\t<\/div>\n\t\t\t\t<\/div>\n\t\t\t\t\t<\/div>\n\t\t<\/div>\n\t\t\t\t<div class=\"elementor-column elementor-col-33 elementor-top-column elementor-element elementor-element-f45b0f9\" data-id=\"f45b0f9\" data-element_type=\"column\">\n\t\t\t<div class=\"elementor-widget-wrap\">\n\t\t\t\t\t\t\t\t\t<\/div>\n\t\t<\/div>\n\t\t\t\t\t\t\t<\/div>\n\t\t<\/section>\n\t\t\t\t\t\t\t<\/div>\n\t\t","protected":false},"excerpt":{"rendered":"<p>Cirurgias Est\u00e9ticas LIPOASPIRA\u00c7\u00c3O e LIPOESCULTURA Sabe aquela gordurinha localizada, dif\u00edcil de sair ?\u00a0 Se isso te incomoda, ent\u00e3o voc\u00ea \u00e9 forte candidata a Lipoaspira\u00e7\u00e3o. A LIPOASPIRA\u00c7\u00c3O \u00e9 um procedimento cir\u00fargico que utiliza uma c\u00e2nula de suc\u00e7\u00e3o para remover gordura de \u00e1reas espec\u00edficas do corpo, como abd\u00f4men, quadris, coxas, n\u00e1degas, bra\u00e7os ou papadas. Esse tipo de [&hellip;]<\/p>\n","protected":false},"author":2,"featured_media":0,"parent":0,"menu_order":0,"comment_status":"closed","ping_status":"closed","template":"","meta":{"footnotes":""},"class_list":["post-269","page","type-page","status-publish","hentry"],"_links":{"self":[{"href":"https:\/\/resolut.dev.br\/gaspar\/wp-json\/wp\/v2\/pages\/269","targetHints":{"allow":["GET"]}}],"collection":[{"href":"https:\/\/resolut.dev.br\/gaspar\/wp-json\/wp\/v2\/pages"}],"about":[{"href":"https:\/\/resolut.dev.br\/gaspar\/wp-json\/wp\/v2\/types\/page"}],"author":[{"embeddable":true,"href":"https:\/\/resolut.dev.br\/gaspar\/wp-json\/wp\/v2\/users\/2"}],"replies":[{"embeddable":true,"href":"https:\/\/resolut.dev.br\/gaspar\/wp-json\/wp\/v2\/comments?post=269"}],"version-history":[{"count":22,"href":"https:\/\/resolut.dev.br\/gaspar\/wp-json\/wp\/v2\/pages\/269\/revisions"}],"predecessor-version":[{"id":1054,"href":"https:\/\/resolut.dev.br\/gaspar\/wp-json\/wp\/v2\/pages\/269\/revisions\/1054"}],"wp:attachment":[{"href":"https:\/\/resolut.dev.br\/gaspar\/wp-json\/wp\/v2\/media?parent=269"}],"curies":[{"name":"wp","href":"https:\/\/api.w.org\/{rel}","templated":true}]}}