{"id":231,"date":"2023-06-16T03:54:04","date_gmt":"2023-06-16T03:54:04","guid":{"rendered":"https:\/\/resolut.dev.br\/gaspar\/?page_id=231"},"modified":"2024-03-20T18:40:46","modified_gmt":"2024-03-20T18:40:46","slug":"reconstrucaos-de-cicatrizes","status":"publish","type":"page","link":"https:\/\/resolut.dev.br\/gaspar\/reconstrucaos-de-cicatrizes\/","title":{"rendered":"RECONSTRU\u00c7\u00c3OS DE CICATRIZES"},"content":{"rendered":"\t\t<div data-elementor-type=\"wp-page\" data-elementor-id=\"231\" class=\"elementor elementor-231\">\n\t\t\t\t\t\t\t\t\t<section class=\"elementor-section elementor-top-section elementor-element elementor-element-98975bb elementor-section-boxed elementor-section-height-default elementor-section-height-default\" data-id=\"98975bb\" data-element_type=\"section\" data-settings=\"{&quot;background_background&quot;:&quot;classic&quot;}\">\n\t\t\t\t\t\t\t<div class=\"elementor-background-overlay\"><\/div>\n\t\t\t\t\t\t\t<div class=\"elementor-container elementor-column-gap-default\">\n\t\t\t\t\t<div class=\"elementor-column elementor-col-100 elementor-top-column elementor-element elementor-element-246c1d9\" data-id=\"246c1d9\" data-element_type=\"column\">\n\t\t\t<div class=\"elementor-widget-wrap elementor-element-populated\">\n\t\t\t\t\t\t\t\t<section class=\"elementor-section elementor-inner-section elementor-element elementor-element-3305771 elementor-section-content-middle elementor-section-boxed elementor-section-height-default elementor-section-height-default\" data-id=\"3305771\" data-element_type=\"section\" data-settings=\"{&quot;background_background&quot;:&quot;classic&quot;}\">\n\t\t\t\t\t\t<div class=\"elementor-container elementor-column-gap-default\">\n\t\t\t\t\t<div class=\"elementor-column elementor-col-50 elementor-inner-column elementor-element elementor-element-5230dc8\" data-id=\"5230dc8\" data-element_type=\"column\">\n\t\t\t<div class=\"elementor-widget-wrap elementor-element-populated\">\n\t\t\t\t\t\t\t\t<div class=\"elementor-element elementor-element-382fd4b elementor-invisible elementor-widget elementor-widget-heading\" data-id=\"382fd4b\" data-element_type=\"widget\" data-settings=\"{&quot;_animation&quot;:&quot;fadeInUp&quot;}\" data-widget_type=\"heading.default\">\n\t\t\t\t<div class=\"elementor-widget-container\">\n\t\t\t<style>\/*! elementor - v3.13.3 - 28-05-2023 *\/\n.elementor-heading-title{padding:0;margin:0;line-height:1}.elementor-widget-heading .elementor-heading-title[class*=elementor-size-]>a{color:inherit;font-size:inherit;line-height:inherit}.elementor-widget-heading .elementor-heading-title.elementor-size-small{font-size:15px}.elementor-widget-heading .elementor-heading-title.elementor-size-medium{font-size:19px}.elementor-widget-heading .elementor-heading-title.elementor-size-large{font-size:29px}.elementor-widget-heading .elementor-heading-title.elementor-size-xl{font-size:39px}.elementor-widget-heading .elementor-heading-title.elementor-size-xxl{font-size:59px}<\/style><h1 class=\"elementor-heading-title elementor-size-default\">Cirurgias Reparadoras<\/h1>\t\t<\/div>\n\t\t\t\t<\/div>\n\t\t\t\t\t<\/div>\n\t\t<\/div>\n\t\t\t\t<div class=\"elementor-column elementor-col-50 elementor-inner-column elementor-element elementor-element-93a8bbf\" data-id=\"93a8bbf\" data-element_type=\"column\">\n\t\t\t<div class=\"elementor-widget-wrap\">\n\t\t\t\t\t\t\t\t\t<\/div>\n\t\t<\/div>\n\t\t\t\t\t\t\t<\/div>\n\t\t<\/section>\n\t\t\t\t\t<\/div>\n\t\t<\/div>\n\t\t\t\t\t\t\t<\/div>\n\t\t<\/section>\n\t\t\t\t<section class=\"elementor-section elementor-top-section elementor-element elementor-element-52681be elementor-section-boxed elementor-section-height-default elementor-section-height-default\" data-id=\"52681be\" data-element_type=\"section\" data-settings=\"{&quot;background_background&quot;:&quot;classic&quot;}\">\n\t\t\t\t\t\t<div class=\"elementor-container elementor-column-gap-default\">\n\t\t\t\t\t<div class=\"elementor-column elementor-col-66 elementor-top-column elementor-element elementor-element-8dda21d\" data-id=\"8dda21d\" data-element_type=\"column\">\n\t\t\t<div class=\"elementor-widget-wrap elementor-element-populated\">\n\t\t\t\t\t\t\t\t<div class=\"elementor-element elementor-element-9fca5a8 elementor-widget elementor-widget-heading\" data-id=\"9fca5a8\" data-element_type=\"widget\" data-widget_type=\"heading.default\">\n\t\t\t\t<div class=\"elementor-widget-container\">\n\t\t\t<h3 class=\"elementor-heading-title elementor-size-default\">Cirurgias Reparadoras<\/h3>\t\t<\/div>\n\t\t\t\t<\/div>\n\t\t\t\t<div class=\"elementor-element elementor-element-87b443e elementor-widget elementor-widget-image\" data-id=\"87b443e\" data-element_type=\"widget\" data-widget_type=\"image.default\">\n\t\t\t\t<div class=\"elementor-widget-container\">\n\t\t\t<style>\/*! elementor - v3.13.3 - 28-05-2023 *\/\n.elementor-widget-image{text-align:center}.elementor-widget-image a{display:inline-block}.elementor-widget-image a img[src$=\".svg\"]{width:48px}.elementor-widget-image img{vertical-align:middle;display:inline-block}<\/style>\t\t\t\t\t\t\t\t\t\t\t\t<img loading=\"lazy\" decoding=\"async\" width=\"1920\" height=\"1280\" src=\"https:\/\/resolut.dev.br\/gaspar\/wp-content\/uploads\/2023\/12\/Cicatriz.webp\" class=\"attachment-full size-full wp-image-759\" alt=\"\" srcset=\"https:\/\/resolut.dev.br\/gaspar\/wp-content\/uploads\/2023\/12\/Cicatriz.webp 1920w, https:\/\/resolut.dev.br\/gaspar\/wp-content\/uploads\/2023\/12\/Cicatriz-300x200.webp 300w, https:\/\/resolut.dev.br\/gaspar\/wp-content\/uploads\/2023\/12\/Cicatriz-1024x683.webp 1024w, https:\/\/resolut.dev.br\/gaspar\/wp-content\/uploads\/2023\/12\/Cicatriz-768x512.webp 768w, https:\/\/resolut.dev.br\/gaspar\/wp-content\/uploads\/2023\/12\/Cicatriz-1536x1024.webp 1536w\" sizes=\"auto, (max-width: 1920px) 100vw, 1920px\" \/>\t\t\t\t\t\t\t\t\t\t\t\t\t\t\t<\/div>\n\t\t\t\t<\/div>\n\t\t\t\t<div class=\"elementor-element elementor-element-3f52ac5 elementor-widget elementor-widget-text-editor\" data-id=\"3f52ac5\" data-element_type=\"widget\" data-widget_type=\"text-editor.default\">\n\t\t\t\t<div class=\"elementor-widget-container\">\n\t\t\t<style>\/*! elementor - v3.13.3 - 28-05-2023 *\/\n.elementor-widget-text-editor.elementor-drop-cap-view-stacked .elementor-drop-cap{background-color:#69727d;color:#fff}.elementor-widget-text-editor.elementor-drop-cap-view-framed .elementor-drop-cap{color:#69727d;border:3px solid;background-color:transparent}.elementor-widget-text-editor:not(.elementor-drop-cap-view-default) .elementor-drop-cap{margin-top:8px}.elementor-widget-text-editor:not(.elementor-drop-cap-view-default) .elementor-drop-cap-letter{width:1em;height:1em}.elementor-widget-text-editor .elementor-drop-cap{float:left;text-align:center;line-height:1;font-size:50px}.elementor-widget-text-editor .elementor-drop-cap-letter{display:inline-block}<\/style>\t\t\t\t<p>A reconstru\u00e7\u00e3o de cicatrizes \u00e9 uma cirurgia reparadora que visa melhorar a apar\u00eancia e a fun\u00e7\u00e3o de \u00e1reas do corpo que foram afetadas por cicatrizes causadas por les\u00f5es, queimaduras, cirurgias anteriores ou outras condi\u00e7\u00f5es.<\/p><p>As cicatrizes podem causar desconforto emocional e limita\u00e7\u00f5es f\u00edsicas, como rigidez, dor e diminui\u00e7\u00e3o da mobilidade. A reconstru\u00e7\u00e3o de cicatrizes pode ser realizada em diversas partes do corpo, como face, pesco\u00e7o, m\u00e3os, bra\u00e7os, pernas e tronco, dependendo da localiza\u00e7\u00e3o e da extens\u00e3o das cicatrizes.<\/p><p>Existem diversas t\u00e9cnicas de reconstru\u00e7\u00e3o de cicatrizes, que variam de acordo com o tipo e a localiza\u00e7\u00e3o da cicatriz, bem como as necessidades e expectativas individuais do paciente.<\/p><p>A reconstru\u00e7\u00e3o de cicatrizes pode trazer diversos benef\u00edcios para os pacientes, incluindo a melhoria da apar\u00eancia e da textura da pele, o al\u00edvio de desconfortos f\u00edsicos e emocionais, a restaura\u00e7\u00e3o da fun\u00e7\u00e3o do local afetado e a redu\u00e7\u00e3o da visibilidade da cicatriz.<\/p><p>Dr. Maur\u00edcio orienta que \u00e9 essencial que os pacientes discutam suas expectativas e preocupa\u00e7\u00f5es, al\u00e9m de se submeterem a uma avalia\u00e7\u00e3o cuidadosa antes do procedimento.<\/p>\t\t\t\t\t\t<\/div>\n\t\t\t\t<\/div>\n\t\t\t\t\t<\/div>\n\t\t<\/div>\n\t\t\t\t<div class=\"elementor-column elementor-col-33 elementor-top-column elementor-element elementor-element-a251440\" data-id=\"a251440\" data-element_type=\"column\">\n\t\t\t<div class=\"elementor-widget-wrap elementor-element-populated\">\n\t\t\t\t\t\t\t\t<div class=\"elementor-element elementor-element-349c4f5 elementor-align-justify elementor-widget elementor-widget-button\" data-id=\"349c4f5\" data-element_type=\"widget\" data-widget_type=\"button.default\">\n\t\t\t\t<div class=\"elementor-widget-container\">\n\t\t\t\t\t<div class=\"elementor-button-wrapper\">\n\t\t\t<a href=\"https:\/\/resolut.dev.br\/gaspar\/queimaduras\/\" class=\"elementor-button-link elementor-button elementor-size-sm\" role=\"button\">\n\t\t\t\t\t\t<span class=\"elementor-button-content-wrapper\">\n\t\t\t\t\t\t<span class=\"elementor-button-text\">QUEIMADURAS <\/span>\n\t\t<\/span>\n\t\t\t\t\t<\/a>\n\t\t<\/div>\n\t\t\t\t<\/div>\n\t\t\t\t<\/div>\n\t\t\t\t<div class=\"elementor-element elementor-element-448fcda elementor-align-justify elementor-widget elementor-widget-button\" data-id=\"448fcda\" data-element_type=\"widget\" data-widget_type=\"button.default\">\n\t\t\t\t<div class=\"elementor-widget-container\">\n\t\t\t\t\t<div class=\"elementor-button-wrapper\">\n\t\t\t<a href=\"https:\/\/resolut.dev.br\/gaspar\/reconstrucaos-de-cicatrizes\/\" class=\"elementor-button-link elementor-button elementor-size-sm\" role=\"button\">\n\t\t\t\t\t\t<span class=\"elementor-button-content-wrapper\">\n\t\t\t\t\t\t<span class=\"elementor-button-text\">RECONSTRU\u00c7\u00c3OS DE CICATRIZES<\/span>\n\t\t<\/span>\n\t\t\t\t\t<\/a>\n\t\t<\/div>\n\t\t\t\t<\/div>\n\t\t\t\t<\/div>\n\t\t\t\t<div class=\"elementor-element elementor-element-cbbaf00 elementor-align-justify elementor-widget elementor-widget-button\" data-id=\"cbbaf00\" data-element_type=\"widget\" data-widget_type=\"button.default\">\n\t\t\t\t<div class=\"elementor-widget-container\">\n\t\t\t\t\t<div class=\"elementor-button-wrapper\">\n\t\t\t<a href=\"https:\/\/resolut.dev.br\/gaspar\/reconstrucao-mamaria\/\" class=\"elementor-button-link elementor-button elementor-size-sm\" role=\"button\">\n\t\t\t\t\t\t<span class=\"elementor-button-content-wrapper\">\n\t\t\t\t\t\t<span class=\"elementor-button-text\">RECONSTRU\u00c7\u00c3O MAM\u00c1RIA<\/span>\n\t\t<\/span>\n\t\t\t\t\t<\/a>\n\t\t<\/div>\n\t\t\t\t<\/div>\n\t\t\t\t<\/div>\n\t\t\t\t\t<\/div>\n\t\t<\/div>\n\t\t\t\t\t\t\t<\/div>\n\t\t<\/section>\n\t\t\t\t\t\t\t<\/div>\n\t\t","protected":false},"excerpt":{"rendered":"<p>Cirurgias Reparadoras Cirurgias Reparadoras A reconstru\u00e7\u00e3o de cicatrizes \u00e9 uma cirurgia reparadora que visa melhorar a apar\u00eancia e a fun\u00e7\u00e3o de \u00e1reas do corpo que foram afetadas por cicatrizes causadas por les\u00f5es, queimaduras, cirurgias anteriores ou outras condi\u00e7\u00f5es. As cicatrizes podem causar desconforto emocional e limita\u00e7\u00f5es f\u00edsicas, como rigidez, dor e diminui\u00e7\u00e3o da mobilidade. A [&hellip;]<\/p>\n","protected":false},"author":2,"featured_media":0,"parent":0,"menu_order":0,"comment_status":"closed","ping_status":"closed","template":"","meta":{"footnotes":""},"class_list":["post-231","page","type-page","status-publish","hentry"],"_links":{"self":[{"href":"https:\/\/resolut.dev.br\/gaspar\/wp-json\/wp\/v2\/pages\/231","targetHints":{"allow":["GET"]}}],"collection":[{"href":"https:\/\/resolut.dev.br\/gaspar\/wp-json\/wp\/v2\/pages"}],"about":[{"href":"https:\/\/resolut.dev.br\/gaspar\/wp-json\/wp\/v2\/types\/page"}],"author":[{"embeddable":true,"href":"https:\/\/resolut.dev.br\/gaspar\/wp-json\/wp\/v2\/users\/2"}],"replies":[{"embeddable":true,"href":"https:\/\/resolut.dev.br\/gaspar\/wp-json\/wp\/v2\/comments?post=231"}],"version-history":[{"count":19,"href":"https:\/\/resolut.dev.br\/gaspar\/wp-json\/wp\/v2\/pages\/231\/revisions"}],"predecessor-version":[{"id":1146,"href":"https:\/\/resolut.dev.br\/gaspar\/wp-json\/wp\/v2\/pages\/231\/revisions\/1146"}],"wp:attachment":[{"href":"https:\/\/resolut.dev.br\/gaspar\/wp-json\/wp\/v2\/media?parent=231"}],"curies":[{"name":"wp","href":"https:\/\/api.w.org\/{rel}","templated":true}]}}