{"id":226,"date":"2023-06-16T03:50:35","date_gmt":"2023-06-16T03:50:35","guid":{"rendered":"https:\/\/resolut.dev.br\/gaspar\/?page_id=226"},"modified":"2024-03-20T18:40:05","modified_gmt":"2024-03-20T18:40:05","slug":"queimaduras","status":"publish","type":"page","link":"https:\/\/resolut.dev.br\/gaspar\/queimaduras\/","title":{"rendered":"QUEIMADURAS"},"content":{"rendered":"\t\t<div data-elementor-type=\"wp-page\" data-elementor-id=\"226\" class=\"elementor elementor-226\">\n\t\t\t\t\t\t\t\t\t<section class=\"elementor-section elementor-top-section elementor-element elementor-element-6e0a21e elementor-section-boxed elementor-section-height-default elementor-section-height-default\" data-id=\"6e0a21e\" data-element_type=\"section\" data-settings=\"{&quot;background_background&quot;:&quot;classic&quot;}\">\n\t\t\t\t\t\t\t<div class=\"elementor-background-overlay\"><\/div>\n\t\t\t\t\t\t\t<div class=\"elementor-container elementor-column-gap-default\">\n\t\t\t\t\t<div class=\"elementor-column elementor-col-100 elementor-top-column elementor-element elementor-element-152141f\" data-id=\"152141f\" data-element_type=\"column\">\n\t\t\t<div class=\"elementor-widget-wrap elementor-element-populated\">\n\t\t\t\t\t\t\t\t<section class=\"elementor-section elementor-inner-section elementor-element elementor-element-1860aec elementor-section-content-middle elementor-section-boxed elementor-section-height-default elementor-section-height-default\" data-id=\"1860aec\" data-element_type=\"section\" data-settings=\"{&quot;background_background&quot;:&quot;classic&quot;}\">\n\t\t\t\t\t\t<div class=\"elementor-container elementor-column-gap-default\">\n\t\t\t\t\t<div class=\"elementor-column elementor-col-50 elementor-inner-column elementor-element elementor-element-f3ae7ff\" data-id=\"f3ae7ff\" data-element_type=\"column\">\n\t\t\t<div class=\"elementor-widget-wrap elementor-element-populated\">\n\t\t\t\t\t\t\t\t<div class=\"elementor-element elementor-element-e89b360 elementor-invisible elementor-widget elementor-widget-heading\" data-id=\"e89b360\" data-element_type=\"widget\" data-settings=\"{&quot;_animation&quot;:&quot;fadeInUp&quot;}\" data-widget_type=\"heading.default\">\n\t\t\t\t<div class=\"elementor-widget-container\">\n\t\t\t<style>\/*! elementor - v3.13.3 - 28-05-2023 *\/\n.elementor-heading-title{padding:0;margin:0;line-height:1}.elementor-widget-heading .elementor-heading-title[class*=elementor-size-]>a{color:inherit;font-size:inherit;line-height:inherit}.elementor-widget-heading .elementor-heading-title.elementor-size-small{font-size:15px}.elementor-widget-heading .elementor-heading-title.elementor-size-medium{font-size:19px}.elementor-widget-heading .elementor-heading-title.elementor-size-large{font-size:29px}.elementor-widget-heading .elementor-heading-title.elementor-size-xl{font-size:39px}.elementor-widget-heading .elementor-heading-title.elementor-size-xxl{font-size:59px}<\/style><h1 class=\"elementor-heading-title elementor-size-default\">Cirurgias Reparadoras<\/h1>\t\t<\/div>\n\t\t\t\t<\/div>\n\t\t\t\t\t<\/div>\n\t\t<\/div>\n\t\t\t\t<div class=\"elementor-column elementor-col-50 elementor-inner-column elementor-element elementor-element-6e2b70e\" data-id=\"6e2b70e\" data-element_type=\"column\">\n\t\t\t<div class=\"elementor-widget-wrap\">\n\t\t\t\t\t\t\t\t\t<\/div>\n\t\t<\/div>\n\t\t\t\t\t\t\t<\/div>\n\t\t<\/section>\n\t\t\t\t\t<\/div>\n\t\t<\/div>\n\t\t\t\t\t\t\t<\/div>\n\t\t<\/section>\n\t\t\t\t<section class=\"elementor-section elementor-top-section elementor-element elementor-element-e127083 elementor-section-boxed elementor-section-height-default elementor-section-height-default\" data-id=\"e127083\" data-element_type=\"section\" data-settings=\"{&quot;background_background&quot;:&quot;classic&quot;}\">\n\t\t\t\t\t\t<div class=\"elementor-container elementor-column-gap-default\">\n\t\t\t\t\t<div class=\"elementor-column elementor-col-66 elementor-top-column elementor-element elementor-element-60a26c2\" data-id=\"60a26c2\" data-element_type=\"column\">\n\t\t\t<div class=\"elementor-widget-wrap elementor-element-populated\">\n\t\t\t\t\t\t\t\t<div class=\"elementor-element elementor-element-7b67c3f elementor-widget elementor-widget-heading\" data-id=\"7b67c3f\" data-element_type=\"widget\" data-widget_type=\"heading.default\">\n\t\t\t\t<div class=\"elementor-widget-container\">\n\t\t\t<h3 class=\"elementor-heading-title elementor-size-default\">QUEIMADURAS <\/h3>\t\t<\/div>\n\t\t\t\t<\/div>\n\t\t\t\t<div class=\"elementor-element elementor-element-ba40ee5 elementor-widget elementor-widget-image\" data-id=\"ba40ee5\" data-element_type=\"widget\" data-widget_type=\"image.default\">\n\t\t\t\t<div class=\"elementor-widget-container\">\n\t\t\t<style>\/*! elementor - v3.13.3 - 28-05-2023 *\/\n.elementor-widget-image{text-align:center}.elementor-widget-image a{display:inline-block}.elementor-widget-image a img[src$=\".svg\"]{width:48px}.elementor-widget-image img{vertical-align:middle;display:inline-block}<\/style>\t\t\t\t\t\t\t\t\t\t\t\t<img loading=\"lazy\" decoding=\"async\" width=\"1999\" height=\"1333\" src=\"https:\/\/resolut.dev.br\/gaspar\/wp-content\/uploads\/2023\/12\/Queimaduras.jpg\" class=\"attachment-full size-full wp-image-753\" alt=\"\" srcset=\"https:\/\/resolut.dev.br\/gaspar\/wp-content\/uploads\/2023\/12\/Queimaduras.jpg 1999w, https:\/\/resolut.dev.br\/gaspar\/wp-content\/uploads\/2023\/12\/Queimaduras-300x200.jpg 300w, https:\/\/resolut.dev.br\/gaspar\/wp-content\/uploads\/2023\/12\/Queimaduras-1024x683.jpg 1024w, https:\/\/resolut.dev.br\/gaspar\/wp-content\/uploads\/2023\/12\/Queimaduras-768x512.jpg 768w, https:\/\/resolut.dev.br\/gaspar\/wp-content\/uploads\/2023\/12\/Queimaduras-1536x1024.jpg 1536w\" sizes=\"auto, (max-width: 1999px) 100vw, 1999px\" \/>\t\t\t\t\t\t\t\t\t\t\t\t\t\t\t<\/div>\n\t\t\t\t<\/div>\n\t\t\t\t<div class=\"elementor-element elementor-element-bdefcd4 elementor-widget elementor-widget-text-editor\" data-id=\"bdefcd4\" data-element_type=\"widget\" data-widget_type=\"text-editor.default\">\n\t\t\t\t<div class=\"elementor-widget-container\">\n\t\t\t<style>\/*! elementor - v3.13.3 - 28-05-2023 *\/\n.elementor-widget-text-editor.elementor-drop-cap-view-stacked .elementor-drop-cap{background-color:#69727d;color:#fff}.elementor-widget-text-editor.elementor-drop-cap-view-framed .elementor-drop-cap{color:#69727d;border:3px solid;background-color:transparent}.elementor-widget-text-editor:not(.elementor-drop-cap-view-default) .elementor-drop-cap{margin-top:8px}.elementor-widget-text-editor:not(.elementor-drop-cap-view-default) .elementor-drop-cap-letter{width:1em;height:1em}.elementor-widget-text-editor .elementor-drop-cap{float:left;text-align:center;line-height:1;font-size:50px}.elementor-widget-text-editor .elementor-drop-cap-letter{display:inline-block}<\/style>\t\t\t\t<p>A cirurgia reparadora de queimaduras \u00e9 um procedimento que tem como objetivo restaurar a fun\u00e7\u00e3o e melhorar a apar\u00eancia da pele afetada por queimaduras graves. As queimaduras podem ser causadas por diversos fatores, como fogo, l\u00edquidos quentes, produtos qu\u00edmicos e eletricidade, e podem causar danos significativos \u00e0 pele, tecidos e \u00f3rg\u00e3os subjacentes.<\/p><p>A cirurgia reparadora de queimaduras \u00e9 um processo complexo e pode envolver uma s\u00e9rie de etapas. Em primeiro lugar, o cirurgi\u00e3o pl\u00e1stico ir\u00e1 avaliar a extens\u00e3o e a profundidade das queimaduras para determinar o tratamento mais adequado. Em seguida, pode ser necess\u00e1rio realizar um desbridamento cir\u00fargico, que \u00e9 a remo\u00e7\u00e3o de tecido morto ou danificado para promover a cicatriza\u00e7\u00e3o da pele saud\u00e1vel.<\/p><p>Dependendo da gravidade das queimaduras, pode ser necess\u00e1rio realizar um enxerto de pele. Nesse procedimento, o cirurgi\u00e3o remove uma fina camada de pele saud\u00e1vel de outra parte do corpo do paciente e a implanta na \u00e1rea queimada para ajudar a estimular o crescimento de novos tecidos.<\/p><p>Al\u00e9m disso, a cirurgia reparadora de queimaduras pode incluir a reconstru\u00e7\u00e3o de \u00e1reas afetadas por cicatrizes, deformidades ou perda de fun\u00e7\u00e3o. Esses procedimentos podem incluir a libera\u00e7\u00e3o de tecidos contra\u00eddos, a reconstru\u00e7\u00e3o de estruturas como orelhas, nariz e l\u00e1bios e a corre\u00e7\u00e3o de deformidades nas extremidades.<\/p><p>\u00c9 importante lembrar que a recupera\u00e7\u00e3o de uma queimadura grave pode ser um processo longo e complexo, que pode exigir v\u00e1rios procedimentos cir\u00fargicos e tratamentos adicionais, como terapia ocupacional e fisioterapia. O acompanhamento m\u00e9dico e psicol\u00f3gico adequado \u00e9 fundamental para garantir a melhor recupera\u00e7\u00e3o poss\u00edvel e ajudar o paciente a lidar com as mudan\u00e7as f\u00edsicas e emocionais resultantes das queimaduras.<\/p>\t\t\t\t\t\t<\/div>\n\t\t\t\t<\/div>\n\t\t\t\t\t<\/div>\n\t\t<\/div>\n\t\t\t\t<div class=\"elementor-column elementor-col-33 elementor-top-column elementor-element elementor-element-8d62e89\" data-id=\"8d62e89\" data-element_type=\"column\">\n\t\t\t<div class=\"elementor-widget-wrap elementor-element-populated\">\n\t\t\t\t\t\t\t\t<div class=\"elementor-element elementor-element-b857651 elementor-align-justify elementor-widget elementor-widget-button\" data-id=\"b857651\" data-element_type=\"widget\" data-widget_type=\"button.default\">\n\t\t\t\t<div class=\"elementor-widget-container\">\n\t\t\t\t\t<div class=\"elementor-button-wrapper\">\n\t\t\t<a href=\"https:\/\/resolut.dev.br\/gaspar\/queimaduras\/\" class=\"elementor-button-link elementor-button elementor-size-sm\" role=\"button\">\n\t\t\t\t\t\t<span class=\"elementor-button-content-wrapper\">\n\t\t\t\t\t\t<span class=\"elementor-button-text\">QUEIMADURAS <\/span>\n\t\t<\/span>\n\t\t\t\t\t<\/a>\n\t\t<\/div>\n\t\t\t\t<\/div>\n\t\t\t\t<\/div>\n\t\t\t\t<div class=\"elementor-element elementor-element-5ff36ad elementor-align-justify elementor-widget elementor-widget-button\" data-id=\"5ff36ad\" data-element_type=\"widget\" data-widget_type=\"button.default\">\n\t\t\t\t<div class=\"elementor-widget-container\">\n\t\t\t\t\t<div class=\"elementor-button-wrapper\">\n\t\t\t<a href=\"https:\/\/resolut.dev.br\/gaspar\/reconstrucaos-de-cicatrizes\/\" class=\"elementor-button-link elementor-button elementor-size-sm\" role=\"button\">\n\t\t\t\t\t\t<span class=\"elementor-button-content-wrapper\">\n\t\t\t\t\t\t<span class=\"elementor-button-text\">RECONSTRU\u00c7\u00c3OS DE CICATRIZES<\/span>\n\t\t<\/span>\n\t\t\t\t\t<\/a>\n\t\t<\/div>\n\t\t\t\t<\/div>\n\t\t\t\t<\/div>\n\t\t\t\t<div class=\"elementor-element elementor-element-e6975ff elementor-align-justify elementor-widget elementor-widget-button\" data-id=\"e6975ff\" data-element_type=\"widget\" data-widget_type=\"button.default\">\n\t\t\t\t<div class=\"elementor-widget-container\">\n\t\t\t\t\t<div class=\"elementor-button-wrapper\">\n\t\t\t<a href=\"https:\/\/resolut.dev.br\/gaspar\/reconstrucao-mamaria\/\" class=\"elementor-button-link elementor-button elementor-size-sm\" role=\"button\">\n\t\t\t\t\t\t<span class=\"elementor-button-content-wrapper\">\n\t\t\t\t\t\t<span class=\"elementor-button-text\">RECONSTRU\u00c7\u00c3O MAM\u00c1RIA<\/span>\n\t\t<\/span>\n\t\t\t\t\t<\/a>\n\t\t<\/div>\n\t\t\t\t<\/div>\n\t\t\t\t<\/div>\n\t\t\t\t\t<\/div>\n\t\t<\/div>\n\t\t\t\t\t\t\t<\/div>\n\t\t<\/section>\n\t\t\t\t\t\t\t<\/div>\n\t\t","protected":false},"excerpt":{"rendered":"<p>Cirurgias Reparadoras QUEIMADURAS A cirurgia reparadora de queimaduras \u00e9 um procedimento que tem como objetivo restaurar a fun\u00e7\u00e3o e melhorar a apar\u00eancia da pele afetada por queimaduras graves. As queimaduras podem ser causadas por diversos fatores, como fogo, l\u00edquidos quentes, produtos qu\u00edmicos e eletricidade, e podem causar danos significativos \u00e0 pele, tecidos e \u00f3rg\u00e3os subjacentes. [&hellip;]<\/p>\n","protected":false},"author":2,"featured_media":0,"parent":0,"menu_order":0,"comment_status":"closed","ping_status":"closed","template":"","meta":{"footnotes":""},"class_list":["post-226","page","type-page","status-publish","hentry"],"_links":{"self":[{"href":"https:\/\/resolut.dev.br\/gaspar\/wp-json\/wp\/v2\/pages\/226","targetHints":{"allow":["GET"]}}],"collection":[{"href":"https:\/\/resolut.dev.br\/gaspar\/wp-json\/wp\/v2\/pages"}],"about":[{"href":"https:\/\/resolut.dev.br\/gaspar\/wp-json\/wp\/v2\/types\/page"}],"author":[{"embeddable":true,"href":"https:\/\/resolut.dev.br\/gaspar\/wp-json\/wp\/v2\/users\/2"}],"replies":[{"embeddable":true,"href":"https:\/\/resolut.dev.br\/gaspar\/wp-json\/wp\/v2\/comments?post=226"}],"version-history":[{"count":16,"href":"https:\/\/resolut.dev.br\/gaspar\/wp-json\/wp\/v2\/pages\/226\/revisions"}],"predecessor-version":[{"id":1143,"href":"https:\/\/resolut.dev.br\/gaspar\/wp-json\/wp\/v2\/pages\/226\/revisions\/1143"}],"wp:attachment":[{"href":"https:\/\/resolut.dev.br\/gaspar\/wp-json\/wp\/v2\/media?parent=226"}],"curies":[{"name":"wp","href":"https:\/\/api.w.org\/{rel}","templated":true}]}}