{"id":198,"date":"2023-06-16T03:25:21","date_gmt":"2023-06-16T03:25:21","guid":{"rendered":"https:\/\/resolut.dev.br\/gaspar\/?page_id=198"},"modified":"2024-03-20T17:25:32","modified_gmt":"2024-03-20T17:25:32","slug":"mamoplastia-de-aumento","status":"publish","type":"page","link":"https:\/\/resolut.dev.br\/gaspar\/mamoplastia-de-aumento\/","title":{"rendered":"MAMOPLASTIA DE AUMENTO"},"content":{"rendered":"\t\t<div data-elementor-type=\"wp-page\" data-elementor-id=\"198\" class=\"elementor elementor-198\">\n\t\t\t\t\t\t\t\t\t<section class=\"elementor-section elementor-top-section elementor-element elementor-element-d5127b0 elementor-section-boxed elementor-section-height-default elementor-section-height-default\" data-id=\"d5127b0\" data-element_type=\"section\" data-settings=\"{&quot;background_background&quot;:&quot;classic&quot;}\">\n\t\t\t\t\t\t\t<div class=\"elementor-background-overlay\"><\/div>\n\t\t\t\t\t\t\t<div class=\"elementor-container elementor-column-gap-default\">\n\t\t\t\t\t<div class=\"elementor-column elementor-col-100 elementor-top-column elementor-element elementor-element-00147a4\" data-id=\"00147a4\" data-element_type=\"column\">\n\t\t\t<div class=\"elementor-widget-wrap elementor-element-populated\">\n\t\t\t\t\t\t\t\t<section class=\"elementor-section elementor-inner-section elementor-element elementor-element-fa67c65 elementor-section-content-middle elementor-section-boxed elementor-section-height-default elementor-section-height-default\" data-id=\"fa67c65\" data-element_type=\"section\" data-settings=\"{&quot;background_background&quot;:&quot;classic&quot;}\">\n\t\t\t\t\t\t<div class=\"elementor-container elementor-column-gap-default\">\n\t\t\t\t\t<div class=\"elementor-column elementor-col-50 elementor-inner-column elementor-element elementor-element-f6f4f01\" data-id=\"f6f4f01\" data-element_type=\"column\">\n\t\t\t<div class=\"elementor-widget-wrap elementor-element-populated\">\n\t\t\t\t\t\t\t\t<div class=\"elementor-element elementor-element-21d43e5 elementor-invisible elementor-widget elementor-widget-heading\" data-id=\"21d43e5\" data-element_type=\"widget\" data-settings=\"{&quot;_animation&quot;:&quot;fadeInUp&quot;}\" data-widget_type=\"heading.default\">\n\t\t\t\t<div class=\"elementor-widget-container\">\n\t\t\t<style>\/*! elementor - v3.13.3 - 28-05-2023 *\/\n.elementor-heading-title{padding:0;margin:0;line-height:1}.elementor-widget-heading .elementor-heading-title[class*=elementor-size-]>a{color:inherit;font-size:inherit;line-height:inherit}.elementor-widget-heading .elementor-heading-title.elementor-size-small{font-size:15px}.elementor-widget-heading .elementor-heading-title.elementor-size-medium{font-size:19px}.elementor-widget-heading .elementor-heading-title.elementor-size-large{font-size:29px}.elementor-widget-heading .elementor-heading-title.elementor-size-xl{font-size:39px}.elementor-widget-heading .elementor-heading-title.elementor-size-xxl{font-size:59px}<\/style><h1 class=\"elementor-heading-title elementor-size-default\">Cirurgias Est\u00e9ticas<\/h1>\t\t<\/div>\n\t\t\t\t<\/div>\n\t\t\t\t\t<\/div>\n\t\t<\/div>\n\t\t\t\t<div class=\"elementor-column elementor-col-50 elementor-inner-column elementor-element elementor-element-1fa9ab9\" data-id=\"1fa9ab9\" data-element_type=\"column\">\n\t\t\t<div class=\"elementor-widget-wrap\">\n\t\t\t\t\t\t\t\t\t<\/div>\n\t\t<\/div>\n\t\t\t\t\t\t\t<\/div>\n\t\t<\/section>\n\t\t\t\t\t<\/div>\n\t\t<\/div>\n\t\t\t\t\t\t\t<\/div>\n\t\t<\/section>\n\t\t\t\t<section class=\"elementor-section elementor-top-section elementor-element elementor-element-2f7720d8 elementor-section-boxed elementor-section-height-default elementor-section-height-default\" data-id=\"2f7720d8\" data-element_type=\"section\" data-settings=\"{&quot;background_background&quot;:&quot;classic&quot;}\">\n\t\t\t\t\t\t<div class=\"elementor-container elementor-column-gap-default\">\n\t\t\t\t\t<div class=\"elementor-column elementor-col-66 elementor-top-column elementor-element elementor-element-3e74803c\" data-id=\"3e74803c\" data-element_type=\"column\">\n\t\t\t<div class=\"elementor-widget-wrap elementor-element-populated\">\n\t\t\t\t\t\t\t\t<div class=\"elementor-element elementor-element-3436f7f7 elementor-widget elementor-widget-heading\" data-id=\"3436f7f7\" data-element_type=\"widget\" data-widget_type=\"heading.default\">\n\t\t\t\t<div class=\"elementor-widget-container\">\n\t\t\t<h3 class=\"elementor-heading-title elementor-size-default\">MAMOPLASTIA DE AUMENTO   <\/h3>\t\t<\/div>\n\t\t\t\t<\/div>\n\t\t\t\t<div class=\"elementor-element elementor-element-7c590ea6 elementor-widget elementor-widget-text-editor\" data-id=\"7c590ea6\" data-element_type=\"widget\" data-widget_type=\"text-editor.default\">\n\t\t\t\t<div class=\"elementor-widget-container\">\n\t\t\t<style>\/*! elementor - v3.13.3 - 28-05-2023 *\/\n.elementor-widget-text-editor.elementor-drop-cap-view-stacked .elementor-drop-cap{background-color:#69727d;color:#fff}.elementor-widget-text-editor.elementor-drop-cap-view-framed .elementor-drop-cap{color:#69727d;border:3px solid;background-color:transparent}.elementor-widget-text-editor:not(.elementor-drop-cap-view-default) .elementor-drop-cap{margin-top:8px}.elementor-widget-text-editor:not(.elementor-drop-cap-view-default) .elementor-drop-cap-letter{width:1em;height:1em}.elementor-widget-text-editor .elementor-drop-cap{float:left;text-align:center;line-height:1;font-size:50px}.elementor-widget-text-editor .elementor-drop-cap-letter{display:inline-block}<\/style>\t\t\t\t<p>A MAMOPLASTIA DE\u00a0AUMENTO \u00e9 um dos procedimentos est\u00e9ticos mais realizados no mundo. Sua finalidade \u00e9\u00a0dar volume (aumentar) e proje\u00e7\u00e3o aos seios, podendo gerar muita satisfa\u00e7\u00e3o e eleva\u00e7\u00e3o da Autoestima.<\/p><p>Se voc\u00ea se identificar com as caracter\u00edsticas a seguir, voc\u00ea \u00e9 poss\u00edvel candidata a este procedimento:<\/p><p>&#8211; Mamas pequenas ou Amastia (aus\u00eancia cong\u00eanita de mamas);<\/p><p>&#8211; Afastamento entre as mamas;<\/p><p>&#8211; Desequil\u00edbrio da apar\u00eancia ou propor\u00e7\u00e3o;<\/p><p>&#8211; Flacidez nos seios;<\/p><p>&#8211; Assimetria (mamas com tamanho diferentes).<\/p><p>Para aumentar as mamas \u00e9 necess\u00e1rio a utiliza\u00e7\u00e3o da pr\u00f3tese de silicone, que dever\u00e1 ser escolhida juntamente com o Dr.Maur\u00edcio, pois, o tamanho depende da estrutura f\u00edsica de cada paciente e dos resultados desejados, levando em conta a seguran\u00e7a e bem estar.<\/p>\t\t\t\t\t\t<\/div>\n\t\t\t\t<\/div>\n\t\t\t\t\t<\/div>\n\t\t<\/div>\n\t\t\t\t<div class=\"elementor-column elementor-col-33 elementor-top-column elementor-element elementor-element-5d548026\" data-id=\"5d548026\" data-element_type=\"column\">\n\t\t\t<div class=\"elementor-widget-wrap\">\n\t\t\t\t\t\t\t\t\t<\/div>\n\t\t<\/div>\n\t\t\t\t\t\t\t<\/div>\n\t\t<\/section>\n\t\t\t\t\t\t\t<\/div>\n\t\t","protected":false},"excerpt":{"rendered":"<p>Cirurgias Est\u00e9ticas MAMOPLASTIA DE AUMENTO A MAMOPLASTIA DE\u00a0AUMENTO \u00e9 um dos procedimentos est\u00e9ticos mais realizados no mundo. Sua finalidade \u00e9\u00a0dar volume (aumentar) e proje\u00e7\u00e3o aos seios, podendo gerar muita satisfa\u00e7\u00e3o e eleva\u00e7\u00e3o da Autoestima. Se voc\u00ea se identificar com as caracter\u00edsticas a seguir, voc\u00ea \u00e9 poss\u00edvel candidata a este procedimento: &#8211; Mamas pequenas ou Amastia [&hellip;]<\/p>\n","protected":false},"author":2,"featured_media":0,"parent":0,"menu_order":0,"comment_status":"closed","ping_status":"closed","template":"","meta":{"footnotes":""},"class_list":["post-198","page","type-page","status-publish","hentry"],"_links":{"self":[{"href":"https:\/\/resolut.dev.br\/gaspar\/wp-json\/wp\/v2\/pages\/198","targetHints":{"allow":["GET"]}}],"collection":[{"href":"https:\/\/resolut.dev.br\/gaspar\/wp-json\/wp\/v2\/pages"}],"about":[{"href":"https:\/\/resolut.dev.br\/gaspar\/wp-json\/wp\/v2\/types\/page"}],"author":[{"embeddable":true,"href":"https:\/\/resolut.dev.br\/gaspar\/wp-json\/wp\/v2\/users\/2"}],"replies":[{"embeddable":true,"href":"https:\/\/resolut.dev.br\/gaspar\/wp-json\/wp\/v2\/comments?post=198"}],"version-history":[{"count":28,"href":"https:\/\/resolut.dev.br\/gaspar\/wp-json\/wp\/v2\/pages\/198\/revisions"}],"predecessor-version":[{"id":1051,"href":"https:\/\/resolut.dev.br\/gaspar\/wp-json\/wp\/v2\/pages\/198\/revisions\/1051"}],"wp:attachment":[{"href":"https:\/\/resolut.dev.br\/gaspar\/wp-json\/wp\/v2\/media?parent=198"}],"curies":[{"name":"wp","href":"https:\/\/api.w.org\/{rel}","templated":true}]}}